{"id":99,"date":"2021-01-19T14:47:42","date_gmt":"2021-01-19T14:47:42","guid":{"rendered":"https:\/\/thomasgrasberger.de\/?page_id=99"},"modified":"2025-08-21T14:23:19","modified_gmt":"2025-08-21T13:23:19","slug":"literatur-portraets-fuer-den-bayerischen-rundfunk","status":"publish","type":"page","link":"https:\/\/thomasgrasberger.de\/?page_id=99","title":{"rendered":"Literatur \/ Portr\u00e4ts"},"content":{"rendered":"\n<p>Thomas Grasbergers Radioportr\u00e4ts von K\u00fcnstlern, Politikern und Philosophen sowie weitere Beitr\u00e4ge zur Literatur laufen regelm\u00e4\u00dfig im Bayerischen Rundfunk auf Bayern 2 in den Sendereihen Bayerisches Feuilleton, Land und Leute sowie radioWissen.<\/p>\n\n\n\n<p>Viele der Sendungen sind auch als Podcasts in der <a href=\"https:\/\/www.ardaudiothek.de\/suche\/Thomas%20Grasberger\/\">ARD-Audiothek<\/a> verf\u00fcgbar. <\/p>\n\n\n\n<ul class=\"wp-block-list\">\n<li>Wei\u00df-blaues F\u00e4hnlein im Wind. Die Masken des bayerischen Volkss\u00e4ngers Wei\u00df Ferdl (53 min)<\/li>\n\n\n\n<li>Der Schriftsteller Jaroslav Ha\u0161ek \u2013<strong>&nbsp;<\/strong>\u201eMelde gehorsamst: Schwejk Josef\u201c (22 min)<\/li>\n\n\n\n<li>Sport ist Wort. Literaten und ihre Leibes\u00fcbungen (53 min)<\/li>\n\n\n\n<li>Die Wort-Gewalt des Ludwig Thoma (55 min)<\/li>\n\n\n\n<li>Der wahnsinnig geniale Oskar Panizza. Die fast vergessene Geschichte eines Dichters (55 min)<\/li>\n\n\n\n<li>100. Todestag Georg Queri (55 min) <\/li>\n\n\n\n<li>Heimaterfinder. Ludwig Ganghofer und seine literarischen Erben (55 min)<\/li>\n\n\n\n<li>A Haus und a Kuah und a Millisupperl &#8211; Lena Christ (55 min)<\/li>\n\n\n\n<li>Fredl Fesl wird 70: Der K\u00f6nig von Absurdistan Teil 1 und 2 (55 min) <\/li>\n\n\n\n<li>Der K\u00f6nig von Bairisch-Absurdistan. Fredl Fesl zum 75. Geburtstag (53 min)<\/li>\n\n\n\n<li>Das literarische Plagiat. Kreativit\u00e4t second hand? (20 min)<\/li>\n\n\n\n<li>Literatur und Revolution. J\u00fcdische Schriftsteller in M\u00fcnchen 1918\/19 (55 min)<\/li>\n\n\n\n<li>Tolkien. Herr der Ringe (20 min)<\/li>\n\n\n\n<li>Der Traum vom Weltfrieden. Der chinesische Utopist Kang Youwei (22 min)<\/li>\n\n\n\n<li>Bestsellerautor Lin Yutang (20 min)<\/li>\n\n\n\n<li>So war das dortmals. Anna Wimschneider und ihr Bestseller Herbstmilch (30&nbsp;min)<\/li>\n\n\n\n<li>Gabriele D&#8217;Annunzio &#8211; Dichter und Erfinder des Faschismus (20&nbsp;min)<\/li>\n\n\n\n<li>Endstation Central Park. Ernst Toller &#8211; Literat und Revolultion\u00e4r (30&nbsp;min)<\/li>\n\n\n\n<li>Spurensuche und Begegnung. Die Literaturhandlung in M\u00fcnchen wird 25 Jahre alt (30&nbsp;min)<\/li>\n\n\n\n<li>Die Familie Mann in M\u00fcnchen (60&nbsp;min)<\/li>\n\n\n\n<li>Karl May des Ostens? Die DDR-Autorin Liselotte Welskopf-Henrich (60&nbsp;min)<\/li>\n\n\n\n<li>Portr\u00e4t Oswald Spengler (30&nbsp;min)<\/li>\n\n\n\n<li>Portr\u00e4t Rosa Luxemburg (20&nbsp;min)<\/li>\n\n\n\n<li>Kaiser, Dichter, Massenm\u00f6rder. Chinas gro\u00dfer Steuermann Mao Zedong (30&nbsp;min)<\/li>\n\n\n\n<li>Das Fremde \u2013 Entfremdung bei David Riesman\/Alexis de Tocqueville (15&nbsp;min)<\/li>\n\n\n\n<li>Emerenz Meier (60&nbsp;min)<\/li>\n\n\n\n<li>Genosse Larifari. Felix Fechenbach und sein rotes Kasperltheater (30&nbsp;min)<\/li>\n\n\n\n<li>Wie die Romantiker zu den R\u00e4ubern kamen. Der \u201eBayerische Hiesl\u201c von Ludwig Tieck (60&nbsp;min)<\/li>\n\n\n\n<li>Tagebuch einer Dame. Literarische Zensur in der Prinzregentenzeit (30&nbsp;min)<\/li>\n\n\n\n<li>M\u00fcnchen, Briennerstra\u00dfe 8. Der literarisch-k\u00fcnstlerische Salon von Max und Elsa Bernstein (30&nbsp;min)<\/li>\n\n\n\n<li>Gaukler? Gangster? Gro\u00dfer Staatsmann? Das Leben des jugoslawischen Diktators Josip Broz Tito (30\u00a0min)<\/li>\n\n\n\n<li>Der Diktator des Proletariats &#8211; Stalin (20&nbsp;min)<\/li>\n<\/ul>\n","protected":false},"excerpt":{"rendered":"<p>Thomas Grasbergers Radioportr\u00e4ts von K\u00fcnstlern, Politikern und Philosophen sowie weitere Beitr\u00e4ge zur Literatur laufen regelm\u00e4\u00dfig im Bayerischen Rundfunk auf Bayern 2 in den Sendereihen Bayerisches Feuilleton, Land und Leute sowie radioWissen. Viele der Sendungen sind&#8230;<\/p>\n","protected":false},"author":2,"featured_media":0,"parent":12,"menu_order":0,"comment_status":"closed","ping_status":"closed","template":"","meta":{"footnotes":""},"class_list":["post-99","page","type-page","status-publish","hentry"],"_links":{"self":[{"href":"https:\/\/thomasgrasberger.de\/index.php?rest_route=\/wp\/v2\/pages\/99","targetHints":{"allow":["GET"]}}],"collection":[{"href":"https:\/\/thomasgrasberger.de\/index.php?rest_route=\/wp\/v2\/pages"}],"about":[{"href":"https:\/\/thomasgrasberger.de\/index.php?rest_route=\/wp\/v2\/types\/page"}],"author":[{"embeddable":true,"href":"https:\/\/thomasgrasberger.de\/index.php?rest_route=\/wp\/v2\/users\/2"}],"replies":[{"embeddable":true,"href":"https:\/\/thomasgrasberger.de\/index.php?rest_route=%2Fwp%2Fv2%2Fcomments&post=99"}],"version-history":[{"count":19,"href":"https:\/\/thomasgrasberger.de\/index.php?rest_route=\/wp\/v2\/pages\/99\/revisions"}],"predecessor-version":[{"id":503,"href":"https:\/\/thomasgrasberger.de\/index.php?rest_route=\/wp\/v2\/pages\/99\/revisions\/503"}],"up":[{"embeddable":true,"href":"https:\/\/thomasgrasberger.de\/index.php?rest_route=\/wp\/v2\/pages\/12"}],"wp:attachment":[{"href":"https:\/\/thomasgrasberger.de\/index.php?rest_route=%2Fwp%2Fv2%2Fmedia&parent=99"}],"curies":[{"name":"wp","href":"https:\/\/api.w.org\/{rel}","templated":true}]}}