{"id":68,"date":"2021-01-19T12:58:17","date_gmt":"2021-01-19T12:58:17","guid":{"rendered":"https:\/\/thomasgrasberger.de\/?page_id=68"},"modified":"2025-05-26T11:02:00","modified_gmt":"2025-05-26T10:02:00","slug":"flins-das-geld-des-suedens","status":"publish","type":"page","link":"https:\/\/thomasgrasberger.de\/?page_id=68","title":{"rendered":"Flins. Das Geld des S\u00fcdens"},"content":{"rendered":"\n<div class=\"wp-block-media-text alignwide is-stacked-on-mobile is-vertically-aligned-top buch\" style=\"grid-template-columns:35% auto\"><figure class=\"wp-block-media-text__media\"><img loading=\"lazy\" decoding=\"async\" width=\"692\" height=\"1024\" src=\"https:\/\/thomasgrasberger.de\/wp-content\/uploads\/2021\/01\/cover-flins-978-3-446-37129-7-692x1024.jpg\" alt=\"\" class=\"wp-image-69 size-full\" srcset=\"https:\/\/thomasgrasberger.de\/wp-content\/uploads\/2021\/01\/cover-flins-978-3-446-37129-7-692x1024.jpg 692w, https:\/\/thomasgrasberger.de\/wp-content\/uploads\/2021\/01\/cover-flins-978-3-446-37129-7-203x300.jpg 203w, https:\/\/thomasgrasberger.de\/wp-content\/uploads\/2021\/01\/cover-flins-978-3-446-37129-7-768x1137.jpg 768w, https:\/\/thomasgrasberger.de\/wp-content\/uploads\/2021\/01\/cover-flins-978-3-446-37129-7-1038x1536.jpg 1038w, https:\/\/thomasgrasberger.de\/wp-content\/uploads\/2021\/01\/cover-flins-978-3-446-37129-7-700x1036.jpg 700w, https:\/\/thomasgrasberger.de\/wp-content\/uploads\/2021\/01\/cover-flins-978-3-446-37129-7.jpg 1081w\" sizes=\"auto, (max-width: 692px) 100vw, 692px\" \/><\/figure><div class=\"wp-block-media-text__content\">\n<h4 class=\"wp-block-heading\">Thomas Grasberger<\/h4>\n\n\n\n<h3 class=\"wp-block-heading\">Flins. Das Geld des S\u00fcdens<\/h3>\n\n\n\n<p>336 Seiten<br>K\u00f6sel Verlag<br>Erschienen am 22. Juni 2015<br>Gebundene Ausgabe<br>EUR(D) 16,99<br>ISBN 978-3-446-37129-7<\/p>\n\n\n\n<p><a href=\"https:\/\/www.amazon.de\/Flins-Geld-S\u00fcdens-Thomas-Grasberger\/dp\/3466371295\" target=\"_blank\" rel=\"noreferrer noopener\">Bei Amazon finden<\/a><\/p>\n<\/div><\/div>\n\n\n\n<p>Flins [bairisch f\u00fcr Asche, Bares, Moneten] das ist der Stoff, aus dem viele wei\u00df-blaue Tr\u00e4ume sind. Und wenn das liebe Geld auch den Rest der Welt regiert, gibt es dazu doch eine ganz spezifisch bairische Haltung. Der eine hat den Flins von Haus aus und gibt ihn ungern her, w\u00e4hrend der andere ihn dringend brauchen k\u00f6nnte, aber nie zu sehen bekommt. Ein Spannungsverh\u00e4ltnis, das seit Anbeginn der Zeiten f\u00fcr tragische wie komische Geschichten sorgt. Thomas Grasberger sp\u00fcrt dem Homo oeconomicus bavaricus nach: von Bankern und F\u00fcrsten wird die Rede sein, ebenso von Knechten und Bauern wie auch Politikern und Managern. Und ein kleiner Flins-Ratgeber zeigt diverse Wege zu Reichtum und Wohlstand in Bayern.<\/p>\n","protected":false},"excerpt":{"rendered":"<p>Thomas Grasberger Flins. Das Geld des S\u00fcdens 336 SeitenK\u00f6sel VerlagErschienen am 22. Juni 2015Gebundene AusgabeEUR(D) 16,99ISBN 978-3-446-37129-7 Bei Amazon finden Flins [bairisch f\u00fcr Asche, Bares, Moneten] das ist der Stoff, aus dem viele wei\u00df-blaue Tr\u00e4ume&#8230;<\/p>\n","protected":false},"author":2,"featured_media":0,"parent":20,"menu_order":0,"comment_status":"closed","ping_status":"closed","template":"","meta":{"footnotes":""},"class_list":["post-68","page","type-page","status-publish","hentry"],"_links":{"self":[{"href":"https:\/\/thomasgrasberger.de\/index.php?rest_route=\/wp\/v2\/pages\/68","targetHints":{"allow":["GET"]}}],"collection":[{"href":"https:\/\/thomasgrasberger.de\/index.php?rest_route=\/wp\/v2\/pages"}],"about":[{"href":"https:\/\/thomasgrasberger.de\/index.php?rest_route=\/wp\/v2\/types\/page"}],"author":[{"embeddable":true,"href":"https:\/\/thomasgrasberger.de\/index.php?rest_route=\/wp\/v2\/users\/2"}],"replies":[{"embeddable":true,"href":"https:\/\/thomasgrasberger.de\/index.php?rest_route=%2Fwp%2Fv2%2Fcomments&post=68"}],"version-history":[{"count":6,"href":"https:\/\/thomasgrasberger.de\/index.php?rest_route=\/wp\/v2\/pages\/68\/revisions"}],"predecessor-version":[{"id":530,"href":"https:\/\/thomasgrasberger.de\/index.php?rest_route=\/wp\/v2\/pages\/68\/revisions\/530"}],"up":[{"embeddable":true,"href":"https:\/\/thomasgrasberger.de\/index.php?rest_route=\/wp\/v2\/pages\/20"}],"wp:attachment":[{"href":"https:\/\/thomasgrasberger.de\/index.php?rest_route=%2Fwp%2Fv2%2Fmedia&parent=68"}],"curies":[{"name":"wp","href":"https:\/\/api.w.org\/{rel}","templated":true}]}}