{"id":24,"date":"2021-01-19T09:19:56","date_gmt":"2021-01-19T09:19:56","guid":{"rendered":"https:\/\/thomasgrasberger.de\/?page_id=24"},"modified":"2025-05-26T10:51:24","modified_gmt":"2025-05-26T09:51:24","slug":"zeitschriften","status":"publish","type":"page","link":"https:\/\/thomasgrasberger.de\/?page_id=24","title":{"rendered":"Zeitschriften"},"content":{"rendered":"\n<h3 class=\"wp-block-heading\" id=\"adac-magazin\">ADAC Magazin <\/h3>\n\n\n\n<ul class=\"wp-block-list\">\n<li><strong>Faszination Bayern<\/strong><\/li>\n<\/ul>\n\n\n\n<h3 class=\"wp-block-heading\" id=\"abenteuer-und-reisen\">Abenteuer und Reisen<\/h3>\n\n\n\n<ul class=\"wp-block-list\">\n<li><strong>M\u00fcnchen ist ein Traum<\/strong> <br>Die n\u00f6rdlichste Stadt Italiens. Wei\u00dfwurst-Kapitale. Siliconvalley an der Isar. Was ist M\u00fcnchen denn wirklich? Alles &#8211; und nichts. <br><\/li>\n\n\n\n<li><strong>Abenteuer Urwald<\/strong> <br>Paddelnd durch das Reich der 950 Kilometer Wasserwege im Spreewald: in unserem Reisebericht sind wir mit Kind und Kegel und Kajak unterwegs auf den Flie\u00dfen. So verwunschen kann ein zivilisierter Urwald sein! <br><\/li>\n\n\n\n<li><strong>Fl\u00fcstertipp Friaul. Aufs Friaul geschaut<\/strong> <br>Sperriger geht&#8217;s ert mal nicht: Friaul-Julisch Venetien. Aber dann tut sich mit dem Hinterland der n\u00f6rdlichen Adria ein Landstrich auf, der Auge und Gaumen stimuliert. Fu\u00df\u00df vom Gas! Sie kommen fr\u00fch genug nach Bibione &#8230; <br><\/li>\n\n\n\n<li><strong>City-Report Triest. Auf Kommissar Laurentis Spuren<\/strong> <br>Veit Heinichen ist der literarische Vater des TV-Commissario Proteo Laurenti. Ihn wollten wir treffen. Hier unser Fahndungsbericht aus der zauberhaften Adria-Metropole Triest, die in mehrerlei Hinsicht eine Grenzerfahrung darstellt: kulturell, architektonisch, ethnisch. <br><\/li>\n\n\n\n<li><strong>Florenz: Toskanische Kunstmetropole&nbsp;&nbsp;&nbsp;&nbsp;&nbsp;Prima, Donna!<\/strong> <br>Auch wenn die glorreiche Vergangenheit moderne Ideen mitunter zu kurz kommen l\u00e4sst: Die toskanische Kunstmetropole bleibt eine wunderbare Stadt, die man besucht haben muss. <br><\/li>\n\n\n\n<li><strong>Poebene: Perlen des Po<\/strong> <br>Ein flacherer Landstrich als die Poebene ist in Italien schwer zu finden. Eine andere Region mit so vielen kulinarischen und kulturellen H\u00f6hepunkten auch nicht.<\/li>\n<\/ul>\n\n\n\n<h3 class=\"wp-block-heading\" id=\"peak-auswahl\">Peak (Auswahl)<\/h3>\n\n\n\n<p>Redaktion und Texte des Kulturteils &#8222;Kompass&#8220;<\/p>\n\n\n\n<ul class=\"wp-block-list\">\n<li><strong>Jobb\u00f6rse: Der Goldsucher<\/strong> <br>Verbeamtete Abenteurer <\/li>\n<\/ul>\n\n\n\n<h3 class=\"wp-block-heading\" id=\"berge-auswahl\">Berge (Auswahl)<\/h3>\n\n\n\n<p>Reportagen und Glossen<\/p>\n\n\n\n<ul class=\"wp-block-list\">\n<li><strong>Hexentanz und Kinderspiele<\/strong> <br>\u00dcber die Steinm\u00e4nner in den Alpen <br><\/li>\n\n\n\n<li><strong>Wunden am Sch\u00e4del des Riesen<\/strong> <br>Berg- und Gipfelzeichen als kulturelle Geb\u00e4rden im Wandel der Zeit <br><\/li>\n<\/ul>\n\n\n\n<h3 class=\"wp-block-heading\" id=\"geo-saison\">Geo Saison<\/h3>\n\n\n\n<ul class=\"wp-block-list\">\n<li><strong>KURZREISE Landshut: Bayerischer geht&#8217;s nimmer &#8230;<\/strong><br>Droben, \u00fcber der Stadt, steht die Burg, in der schon vor 800 Jahren die Wittelsbacher regierten. Drunten, zwischen den gotischen B\u00fcrgerh\u00e4usern, wird das Brauchtum mit dem Regenschirm verteidigt. Und nat\u00fcrlich stammt auch das Reinheitsgebot aus Landshut. <br><\/li>\n<\/ul>\n\n\n\n<h3 class=\"wp-block-heading\" id=\"goethe-institut-zeitschrift-willkommen\">Goethe-Institut (Zeitschrift &#8222;Willkommen&#8220;)<\/h3>\n\n\n\n<ul class=\"wp-block-list\">\n<li><strong>M\u00fcnchen &#8211; Gem\u00fctlich in die Zukunft<\/strong><br><\/li>\n<\/ul>\n\n\n\n<h3 class=\"wp-block-heading\" id=\"brigitte\">Brigitte<\/h3>\n\n\n\n<p>Reisereportagen aus Italien und Deutschland<\/p>\n\n\n\n<h3 class=\"wp-block-heading\" id=\"freundin\">Freundin<\/h3>\n\n\n\n<p>Reisereportagen aus Italien, Frankreich und Deutschland<\/p>\n\n\n\n<h3 class=\"wp-block-heading\" id=\"focus\">Focus<\/h3>\n\n\n\n<p>Diverse Artikel f\u00fcr Redaktion Forschung und Technik Themen: Arch\u00e4ologie, Motivationsforschung, Genealogie, Ern\u00e4hrung, Gesundheit<\/p>\n\n\n\n<h3 class=\"wp-block-heading\" id=\"buchreport\">Buchreport<\/h3>\n\n\n\n<ul class=\"wp-block-list\">\n<li><strong>Schw\u00e4bische Indianer im Reservat von G\u00fctersloh<\/strong> <br>Monika Thaler und Gerd Frederking haben in den sp\u00e4ten 1980er Jahren ihren eigenen Verlag gegr\u00fcndet. <br><\/li>\n\n\n\n<li><strong>Der Zirkusdirektor sucht einen Nachfolger<\/strong> <br>Lothar Schirmer und sein M\u00fcnchener Kunst- und Fotobuchverlag <br><\/li>\n\n\n\n<li><strong>&#8230; und weitere Portr\u00e4ts \u00fcber Verlage und Verleger<\/strong><br>Zum Beispiel: H\u00e4nnssler, DVA, Koch<\/li>\n<\/ul>\n","protected":false},"excerpt":{"rendered":"<p>ADAC Magazin Abenteuer und Reisen Peak (Auswahl) Redaktion und Texte des Kulturteils &#8222;Kompass&#8220; Berge (Auswahl) Reportagen und Glossen Geo Saison Goethe-Institut (Zeitschrift &#8222;Willkommen&#8220;) Brigitte Reisereportagen aus Italien und Deutschland Freundin Reisereportagen aus Italien, Frankreich und&#8230;<\/p>\n","protected":false},"author":2,"featured_media":0,"parent":9,"menu_order":0,"comment_status":"closed","ping_status":"closed","template":"","meta":{"footnotes":""},"class_list":["post-24","page","type-page","status-publish","hentry"],"_links":{"self":[{"href":"https:\/\/thomasgrasberger.de\/index.php?rest_route=\/wp\/v2\/pages\/24","targetHints":{"allow":["GET"]}}],"collection":[{"href":"https:\/\/thomasgrasberger.de\/index.php?rest_route=\/wp\/v2\/pages"}],"about":[{"href":"https:\/\/thomasgrasberger.de\/index.php?rest_route=\/wp\/v2\/types\/page"}],"author":[{"embeddable":true,"href":"https:\/\/thomasgrasberger.de\/index.php?rest_route=\/wp\/v2\/users\/2"}],"replies":[{"embeddable":true,"href":"https:\/\/thomasgrasberger.de\/index.php?rest_route=%2Fwp%2Fv2%2Fcomments&post=24"}],"version-history":[{"count":7,"href":"https:\/\/thomasgrasberger.de\/index.php?rest_route=\/wp\/v2\/pages\/24\/revisions"}],"predecessor-version":[{"id":525,"href":"https:\/\/thomasgrasberger.de\/index.php?rest_route=\/wp\/v2\/pages\/24\/revisions\/525"}],"up":[{"embeddable":true,"href":"https:\/\/thomasgrasberger.de\/index.php?rest_route=\/wp\/v2\/pages\/9"}],"wp:attachment":[{"href":"https:\/\/thomasgrasberger.de\/index.php?rest_route=%2Fwp%2Fv2%2Fmedia&parent=24"}],"curies":[{"name":"wp","href":"https:\/\/api.w.org\/{rel}","templated":true}]}}