{"id":229,"date":"2021-01-20T17:14:46","date_gmt":"2021-01-20T17:14:46","guid":{"rendered":"https:\/\/thomasgrasberger.de\/?page_id=229"},"modified":"2021-01-21T09:48:57","modified_gmt":"2021-01-21T09:48:57","slug":"revolution-in-muenchen-1800-1848-1918-1933-1968","status":"publish","type":"page","link":"https:\/\/thomasgrasberger.de\/?page_id=229","title":{"rendered":"Revolution in M\u00fcnchen. 1800-1848-1918-1933-1968"},"content":{"rendered":"\n<div class=\"wp-block-media-text alignwide is-stacked-on-mobile buch\" style=\"grid-template-columns:33% auto\"><figure class=\"wp-block-media-text__media\"><img loading=\"lazy\" decoding=\"async\" width=\"302\" height=\"500\" src=\"https:\/\/thomasgrasberger.de\/wp-content\/uploads\/2021\/01\/cover-revolution-in-muenchen-978-3791725574.jpg\" alt=\"\" class=\"wp-image-74 size-full\" srcset=\"https:\/\/thomasgrasberger.de\/wp-content\/uploads\/2021\/01\/cover-revolution-in-muenchen-978-3791725574.jpg 302w, https:\/\/thomasgrasberger.de\/wp-content\/uploads\/2021\/01\/cover-revolution-in-muenchen-978-3791725574-181x300.jpg 181w\" sizes=\"auto, (max-width: 302px) 100vw, 302px\" \/><\/figure><div class=\"wp-block-media-text__content\">\n<h4 class=\"wp-block-heading\">Thomas Grasberger u.a<\/h4>\n\n\n\n<h3 class=\"wp-block-heading\">Revolution in M\u00fcnchen <\/h3>\n\n\n\n<p>160 Seiten<br>Pustet Verlag<br>Erschienen am 1. M\u00e4rz 2014<br>Broschiert<br>EUR(D) 12,95<br>ISBN 978-3791725574<\/p>\n\n\n\n<p><a href=\"http:\/\/www.amazon.de\/Revolution-M%C3%BCnchen-1800-1848-1918\/dp\/3791725572\/ref=sr_1_1?ie=UTF8&amp;qid=1431105472&amp;sr=8-1&amp;keywords=grasberger+revolution+in+m%C3%BCnchen\">Bei amazon.de finden<\/a><\/p>\n<\/div><\/div>\n\n\n\n<p>&#8222;Bier, Gaudi und Enthemmung&#8220; &#8211; das weit verbreitete Bild vom Verh\u00e4ltnis der M\u00fcnchner zu den revolution\u00e4ren Umbr\u00fcchen der neuesten Geschichte ist nicht selten klischeebeladen und hoch selektiv. Es ist h\u00f6chste Zeit, diese schwarz-wei\u00df-Malerei abzuschattieren &#8211; durch einen neuartigen facettenreichen \u00dcberblick von den napoleonischen Kriegen bis zur Studentenbewegung. Thomas Grasberger schreibt in diesem &#8222;Revolutions-F\u00fchrer&#8220; \u00fcber die Revolution 1918\/1919 in M\u00fcnchen.<\/p>\n","protected":false},"excerpt":{"rendered":"<p>Thomas Grasberger u.a Revolution in M\u00fcnchen 160 SeitenPustet VerlagErschienen am 1. M\u00e4rz 2014BroschiertEUR(D) 12,95ISBN 978-3791725574 Bei amazon.de finden &#8222;Bier, Gaudi und Enthemmung&#8220; &#8211; das weit verbreitete Bild vom Verh\u00e4ltnis der M\u00fcnchner zu den revolution\u00e4ren Umbr\u00fcchen&#8230;<\/p>\n","protected":false},"author":3,"featured_media":0,"parent":20,"menu_order":0,"comment_status":"closed","ping_status":"closed","template":"","meta":{"footnotes":""},"class_list":["post-229","page","type-page","status-publish","hentry"],"_links":{"self":[{"href":"https:\/\/thomasgrasberger.de\/index.php?rest_route=\/wp\/v2\/pages\/229","targetHints":{"allow":["GET"]}}],"collection":[{"href":"https:\/\/thomasgrasberger.de\/index.php?rest_route=\/wp\/v2\/pages"}],"about":[{"href":"https:\/\/thomasgrasberger.de\/index.php?rest_route=\/wp\/v2\/types\/page"}],"author":[{"embeddable":true,"href":"https:\/\/thomasgrasberger.de\/index.php?rest_route=\/wp\/v2\/users\/3"}],"replies":[{"embeddable":true,"href":"https:\/\/thomasgrasberger.de\/index.php?rest_route=%2Fwp%2Fv2%2Fcomments&post=229"}],"version-history":[{"count":6,"href":"https:\/\/thomasgrasberger.de\/index.php?rest_route=\/wp\/v2\/pages\/229\/revisions"}],"predecessor-version":[{"id":321,"href":"https:\/\/thomasgrasberger.de\/index.php?rest_route=\/wp\/v2\/pages\/229\/revisions\/321"}],"up":[{"embeddable":true,"href":"https:\/\/thomasgrasberger.de\/index.php?rest_route=\/wp\/v2\/pages\/20"}],"wp:attachment":[{"href":"https:\/\/thomasgrasberger.de\/index.php?rest_route=%2Fwp%2Fv2%2Fmedia&parent=229"}],"curies":[{"name":"wp","href":"https:\/\/api.w.org\/{rel}","templated":true}]}}