{"id":22,"date":"2021-01-19T09:19:36","date_gmt":"2021-01-19T09:19:36","guid":{"rendered":"https:\/\/thomasgrasberger.de\/?page_id=22"},"modified":"2025-05-26T10:53:23","modified_gmt":"2025-05-26T09:53:23","slug":"zeitungen","status":"publish","type":"page","link":"https:\/\/thomasgrasberger.de\/?page_id=22","title":{"rendered":"Zeitungen"},"content":{"rendered":"\n<h3 class=\"wp-block-heading\" id=\"die-zeit\">Die Zeit<\/h3>\n\n\n\n<ul class=\"wp-block-list\">\n<li><strong>Der Totenwald<\/strong> <br>Die Massaker von Piasnica im September 1939 waren die erste systematische Mordaktion der Nationalsozialisten im besetzten Europa. <br><a href=\"http:\/\/www.zeit.de\/2011\/04\/Nationalsozialismus-Massaker-Piasnica\" target=\"_blank\" rel=\"noreferrer noopener\">DIE ZEIT vom 21.01.2011<\/a><\/li>\n<\/ul>\n\n\n\n<h3 class=\"wp-block-heading\" id=\"salzburger-nachrichten\">Salzburger Nachrichten<\/h3>\n\n\n\n<ul class=\"wp-block-list\">\n<li><strong>Der F\u00f6hn und der Grant<\/strong><br>In der Wochenendbeilage zum Thema &#8222;M\u00fcnchen&#8220;<\/li>\n<\/ul>\n\n\n\n<h3 class=\"wp-block-heading\" id=\"german-times\">German Times<\/h3>\n\n\n\n<ul class=\"wp-block-list\">\n<li><strong>What&#8217;s Love?<\/strong> <br>The True Romance Exhibition in Munich shows the emotions many facets <br><\/li>\n<\/ul>\n\n\n\n<h3 class=\"wp-block-heading\" id=\"suddeutsche-zeitung-auswahl\">S\u00fcddeutsche Zeitung (Auswahl)<\/h3>\n\n\n\n<ul class=\"wp-block-list\">\n<li><strong>Eine &#8222;Erste Hilfe&#8220; f\u00fcr die verletzte Seele<\/strong> <br>Menschen, die nach einem Unfall unter schwerem Schock stehen, erhalten von Mitarbeitern des Projektes Beistand <\/li>\n<\/ul>\n\n\n\n<h3 class=\"wp-block-heading\" id=\"tagesspiegel\">Tagesspiegel<\/h3>\n\n\n\n<ul class=\"wp-block-list\">\n<li><strong>F\u00f6hnsturm ohne Flursch\u00e4den\u00a0\u00a0\u00a0\u00a0\u00a0BAYERN VOR DER LANDTAGSWAHL<\/strong> <br>\u00dcber kein Bundesland gibt es mehr Klischees &#8211; und viele von ihnen werden der Realit\u00e4t wohl kaum gerecht. Dennoch sehen sich die Bayern als etwas ganz Besonderes. Und die Nicht-Bayern sind der gleichen Meinung. Ein Portr\u00e4t. <\/li>\n<\/ul>\n\n\n\n<h3 class=\"wp-block-heading\" id=\"berliner-zeitung\">Berliner Zeitung<\/h3>\n\n\n\n<ul class=\"wp-block-list\">\n<li><strong>Tschechische Verh\u00e4ltnisse?<\/strong> <br>Im Herbst wird beim Bayerischen Rundfunk ein neuer Intendant gew\u00e4hlt. Im Vorfeld gibt es schon heftige Diskussionen um geeignete Kandidaten. <\/li>\n<\/ul>\n\n\n\n<h3 class=\"wp-block-heading\" id=\"die-welt\">Die Welt<\/h3>\n\n\n\n<ul class=\"wp-block-list\">\n<li><strong>Powerfrau wider Willen<\/strong> <br>Mit viel Geschick baute die M\u00fcnchnerin Antje Kunstmann einen kleinen, aber feinen Verlag auf &#8211; und behauptet sich erfolgreich in einem schwierigen Metier <br><a href=\"https:\/\/www.welt.de\/print-welt\/article549658\/Powerfrau-wider-Willen.html\" target=\"_blank\" rel=\"noreferrer noopener\">https:\/\/www.welt.de\/print-welt\/article549658\/Powerfrau-wider-Willen.html<\/a><\/li>\n\n\n\n<li><strong>Verleger light<\/strong> <br>Lasst Stephen King nicht allein: Wolfram G\u00f6bel geht neue Wege im Verlagsgesch\u00e4ft <br><a href=\"https:\/\/www.welt.de\/print-welt\/article526614\/Verleger-light.html\" target=\"_blank\" rel=\"noreferrer noopener\">https:\/\/www.welt.de\/print-welt\/article526614\/Verleger-light.html<\/a><\/li>\n\n\n\n<li><strong>&#8222;Ich bin Europ\u00e4er&#8220;<\/strong> <br>Der 51-j\u00e4hrige Wolfgang Balk brachte den Deutschen Taschenbuch-Verlag wieder in Schwung <br><a href=\"https:\/\/www.welt.de\/print-welt\/article525454\/Ich-bin-Europaeer.html\" target=\"_blank\" rel=\"noreferrer noopener\">https:\/\/www.welt.de\/print-welt\/article525454\/Ich-bin-Europaeer.html<\/a><\/li>\n\n\n\n<li><strong>Die sonderbare Heilige des Zahlenreichs<\/strong> <br>Nicht nur die Nationalmannschaft: Von der Null und ihren nihilistischen Wirkungen <br><a href=\"https:\/\/www.welt.de\/print-welt\/article522041\/Die-sonderbare-Heilige-des-Zahlenreichs.html\" target=\"_blank\" rel=\"noreferrer noopener\">https:\/\/www.welt.de\/print-welt\/article522041\/Die-sonderbare-Heilige-des-Zahlenreichs.html<\/a><\/li>\n\n\n\n<li><strong>W\u00fcstenfuchs im Weltkonzern<\/strong> <br>Der 59-j\u00e4hrige Frank W\u00f6ssner ist Vorstandsvorsitzender der Bertelsmann Buch AG <br><a href=\"https:\/\/www.welt.de\/print-welt\/article519697\/Wuestenfuchs-im-Weltkonzern.html\" target=\"_blank\" rel=\"noreferrer noopener\">https:\/\/www.welt.de\/print-welt\/article519697\/Wuestenfuchs-im-Weltkonzern.html<\/a><\/li>\n\n\n\n<li><strong>Die Welt ist ein Ammertal<\/strong> <br>In Oberammergau beginnen morgen die 40. Passionsspiele. Runderneuert und weltoffen will das christliche Theater ins neue Jahrhundert <br><a href=\"https:\/\/www.welt.de\/print-welt\/article514728\/Die-Welt-ist-ein-Ammertal.html\" target=\"_blank\" rel=\"noreferrer noopener\">https:\/\/www.welt.de\/print-welt\/article514728\/Die-Welt-ist-ein-Ammertal.html<\/a><\/li>\n\n\n\n<li><strong>Verschl\u00fcsselte Botschaften<\/strong> <br>Da werden Spione hellh\u00f6rig: Simon Singh erz\u00e4hlt von geheimen Codes und ihren Knackern <br><a href=\"https:\/\/www.welt.de\/print-welt\/article543231\/Verschluesselte-Botschaften.html\" target=\"_blank\" rel=\"noreferrer noopener\">https:\/\/www.welt.de\/print-welt\/article543231\/Verschluesselte-Botschaften.html<\/a><\/li>\n\n\n\n<li><strong>Ohne Schmiere geht es auch<\/strong> <br>Transparency International hat der Korruption weltweit den Kampf angesagt <br><a href=\"https:\/\/www.welt.de\/print-welt\/article500972\/Ohne-Schmiere-geht-es-auch.html\" target=\"_blank\" rel=\"noreferrer noopener\">https:\/\/www.welt.de\/print-welt\/article500972\/Ohne-Schmiere-geht-es-auch.html<\/a><\/li>\n\n\n\n<li><strong>Haider und die Angst vor \u00f6sterreichischen Verh\u00e4ltnissen<\/strong> <br>Ausgrenzen oder Umarmen? &#8211; Der wendige FP\u00d6-Chef macht es seinen Gegnern nicht leicht <br><a href=\"https:\/\/www.welt.de\/print-welt\/article500161\/Haider-und-die-Angst-vor-oesterreichischen-Verhaeltnissen.html\" target=\"_blank\" rel=\"noreferrer noopener\">https:\/\/www.welt.de\/print-welt\/article500161\/Haider-und-die-Angst-vor-oesterreichischen-Verhaeltnissen.html<\/a><\/li>\n\n\n\n<li><strong>Hirschhornkn\u00f6pf&#8216; und Kinik\u00f6pf&#8216;<\/strong> <br>K\u00f6nigstreue Patrioten treffen sich wieder im oberbayerischen Gammelsdorf &#8211; Sie trotzen Wind und Wetter <br><a href=\"https:\/\/www.welt.de\/print-welt\/article499350\/Hirschhornknoepf-und-Kinikoepf.html\" target=\"_blank\" rel=\"noreferrer noopener\">https:\/\/www.welt.de\/print-welt\/article499350\/Hirschhornknoepf-und-Kinikoepf.html<\/a><\/li>\n\n\n\n<li><strong>Das Kartell der Neinsager<\/strong> <br>Nur wenige deutsche Firmen &#8211; vor allem Gro\u00dfunternehmen &#8211; haben sich bisher freiwillig der Stiftungsinitiative zur Entsch\u00e4digung von Zwangsarbeitern in der NS-Zeit angeschlossen. Eine Umfrage in M\u00fcnchen zeigt, dass die meisten ehemaligen &#8222;Bedarfstr\u00e4ger&#8220; lieber leugnen als zahlen <br><a href=\"https:\/\/www.welt.de\/print-welt\/article561604\/Das-Kartell-der-Neinsager.html\" target=\"_blank\" rel=\"noreferrer noopener\">https:\/\/www.welt.de\/print-welt\/article561604\/Das-Kartell-der-Neinsager.html<\/a><\/li>\n\n\n\n<li><strong>In der lustigen Baracke<\/strong> <br>G\u00e9za Morcs\u00e1nyi leitet den renommiertesten Literaturverlag Ungarns <br><a href=\"https:\/\/www.welt.de\/print-welt\/article588583\/In-der-lustigen-Baracke.html\" target=\"_blank\" rel=\"noreferrer noopener\">https:\/\/www.welt.de\/print-welt\/article588583\/In-der-lustigen-Baracke.html<\/a><\/li>\n\n\n\n<li><strong>Im Kabinett des Doktor Csordas<\/strong> <br>Der Chef des Jelenkor Verlages in P\u00e9cs ist ein exzentrischer Idealist <br><a href=\"https:\/\/www.welt.de\/print-welt\/article587731\/Im-Kabinett-des-Doktor-Csordas.html\" target=\"_blank\" rel=\"noreferrer noopener\">https:\/\/www.welt.de\/print-welt\/article587731\/Im-Kabinett-des-Doktor-Csordas.html<\/a><\/li>\n\n\n\n<li><strong>Kein Tag ohne Gedicht<\/strong> <br>Der M\u00fcnchener Verleger Michael Kr\u00fcger hasst Monokulturen und liebt die Vielfalt <br><a href=\"https:\/\/www.welt.de\/print-welt\/article578190\/Kein-Tag-ohne-Gedicht.html\" target=\"_blank\" rel=\"noreferrer noopener\">https:\/\/www.welt.de\/print-welt\/article578190\/Kein-Tag-ohne-Gedicht.html<\/a><\/li>\n<\/ul>\n\n\n\n<h3 class=\"wp-block-heading\" id=\"abendzeitung-munchen-auswahl\">Abendzeitung, M\u00fcnchen (Auswahl)<\/h3>\n\n\n\n<ul class=\"wp-block-list\">\n<li><strong>Die Ballastrevolution des Dichters<\/strong> <br>Uwe Dick &#8211; der radikale Spracherneuerer aus dem Bayerischen Wald <br><\/li>\n<\/ul>\n\n\n\n<p><\/p>\n","protected":false},"excerpt":{"rendered":"<p>Die Zeit Salzburger Nachrichten German Times S\u00fcddeutsche Zeitung (Auswahl) Tagesspiegel Berliner Zeitung Die Welt Abendzeitung, M\u00fcnchen (Auswahl)<\/p>\n","protected":false},"author":2,"featured_media":0,"parent":9,"menu_order":0,"comment_status":"closed","ping_status":"closed","template":"","meta":{"footnotes":""},"class_list":["post-22","page","type-page","status-publish","hentry"],"_links":{"self":[{"href":"https:\/\/thomasgrasberger.de\/index.php?rest_route=\/wp\/v2\/pages\/22","targetHints":{"allow":["GET"]}}],"collection":[{"href":"https:\/\/thomasgrasberger.de\/index.php?rest_route=\/wp\/v2\/pages"}],"about":[{"href":"https:\/\/thomasgrasberger.de\/index.php?rest_route=\/wp\/v2\/types\/page"}],"author":[{"embeddable":true,"href":"https:\/\/thomasgrasberger.de\/index.php?rest_route=\/wp\/v2\/users\/2"}],"replies":[{"embeddable":true,"href":"https:\/\/thomasgrasberger.de\/index.php?rest_route=%2Fwp%2Fv2%2Fcomments&post=22"}],"version-history":[{"count":7,"href":"https:\/\/thomasgrasberger.de\/index.php?rest_route=\/wp\/v2\/pages\/22\/revisions"}],"predecessor-version":[{"id":527,"href":"https:\/\/thomasgrasberger.de\/index.php?rest_route=\/wp\/v2\/pages\/22\/revisions\/527"}],"up":[{"embeddable":true,"href":"https:\/\/thomasgrasberger.de\/index.php?rest_route=\/wp\/v2\/pages\/9"}],"wp:attachment":[{"href":"https:\/\/thomasgrasberger.de\/index.php?rest_route=%2Fwp%2Fv2%2Fmedia&parent=22"}],"curies":[{"name":"wp","href":"https:\/\/api.w.org\/{rel}","templated":true}]}}