{"id":18,"date":"2021-01-19T09:18:13","date_gmt":"2021-01-19T09:18:13","guid":{"rendered":"https:\/\/thomasgrasberger.de\/?page_id=18"},"modified":"2025-09-23T08:11:24","modified_gmt":"2025-09-23T07:11:24","slug":"veranstaltungen","status":"publish","type":"page","link":"https:\/\/thomasgrasberger.de\/?page_id=18","title":{"rendered":"Veranstaltungen"},"content":{"rendered":"\n<div class=\"wp-block-group items\"><div class=\"wp-block-group__inner-container is-layout-flow wp-block-group-is-layout-flow\">\n<div class=\"wp-block-group\"><div class=\"wp-block-group__inner-container is-layout-flow wp-block-group-is-layout-flow\">\n<p>5. Oktober 2025 \/ 19 Uhr<br><strong>Verleihung der Bayerischen Poetentaler<\/strong><br>Ein Galaabend der M\u00fcnchner Turmschreiber im Deutschen Theater<br>M\u00fcnchen<\/p>\n\n\n\n<p>Die M\u00fcnchner Turmschreiber ehren in diesem Jahr den Schriftsteller Paul Maar, die Schauspielerin Brigitte Hobmeier, die Torwart-Legende Sepp Maier und den Autor und Journalisten Thomas Grasberger.<\/p>\n\n\n\n<p>Die Verleihung findet im Rahmen einer vergn\u00fcglich-bunten Gala statt, bei der nicht nur die Geehrten, sondern auch die Turmschreiberinnen und Turmschreiber Franziska Wanninger, Fred Haller, Wolfgang Ludwig M\u00fcller, Siegfried V\u00f6llger, Thomas Hald, Gabriele Trinckler und Matthias Kiefersauer auftreten werden. Musikalisch umrahmt wird der Abend von Florian&nbsp;Burgmayr.<\/p>\n\n\n\n<p>Preisverleihung im Silbersaal des Deutschen Theaters<br>Vorstellungsdauer: 3 Stunden 20 Minuten (inkl. 20 Minuten Pause)<br>Vorstellungsbeginn: 19:00 Uhr<br>Einlass: 30 Minuten vor Vorstellungsbeginn<br>Eintritt: 25,00 \u20ac<\/p>\n\n\n\n<p><strong>TICKETS<\/strong><br><strong>Karten gibt es online unter\u00a0<\/strong><a href=\"https:\/\/www.deutsches-theater.de\/verleihung-der-bayrischen-poetentaler\/\"><strong>https:\/\/www.deutsches-theater.de\/verleihung-der-bayrischen-poetentaler\/<\/strong><\/a><strong>\u00a0oder telefonisch 089 55 234 444<\/strong><br><br><strong>\u00dcber den Poetentaler<\/strong><br>Die Auszeichnung &#8211; von der Presse auch als \u201cBayerischer Pour le m\u00e9rite\u201d bezeichnet &#8211; wird seit 1961 allj\u00e4hrlich von den M\u00fcnchner Turmschreibern an Pers\u00f6nlichkeiten und Institutionen verliehen, die sich um Kunst und Kultur in Bayern besonders verdient gemacht haben. Zu den bisherigen Preistr\u00e4gern z\u00e4hlen Marieluise Flei\u00dfer, Eugen Roth, Ernst Hoferichter, Gert Heidenreich, Michael Ende, Otfried Preu\u00dfler, Janosch, Konstantin Wecker, Haindling, Fredl Fesl, Dieter Hildebrandt, Bruno Jonas, Gerhard Polt, Bierm\u00f6sl Blosn, Frank M. Barwasser (Pelzig), Werner Herzog, Marcus H. Rosenm\u00fcller und viele weitere.<\/p>\n\n\n\n<p>Eine Liste aller Tr\u00e4ger des \u201cBayerischen Poetentalers\u201d befindet sich auf der Homepage der Turmschreiber unter&nbsp;<a href=\"http:\/\/www.muenchner-turmschreiber.de\/der-poetentaler\/\">www.muenchner-turmschreiber.de\/der-poetentaler\/<\/a>.<\/p>\n\n\n\n<p>8. Dezember 2024<br><strong>Lesung der Turmschreiber<\/strong><br>Fraunhofer Theater und Wirtshaus<br>M\u00fcnchen<\/p>\n\n\n\n<p>29. Juli 2024<br><strong>Moderation der Abschiedsfeier f\u00fcr Fredl Fesl<\/strong><br>Stadtsaal<br>M\u00fchldorf am Inn<br><br>19. M\u00e4rz 2021 \/ 19 Uhr<br>Online-Talk<strong><strong> <\/strong><\/strong><br><strong>Thomas Grasberger mit Michael K\u00f6llner \u00fcber <br>\u201eWerteorientiertes F\u00fchren \u2013 auf dem Rasen und im Leben&#8220;<\/strong><\/p>\n\n\n\n<p>17. Februar 2020 \/ 20 Uhr<br><strong>Lesetournee der M\u00fcnchner Turmschreiber<\/strong><br>mit Holger Paetz, Helmut Eckl, Thomas Grasberger &amp; Duo infernale<br>Parkett-Stadl H\u00f6rbach <br>Althegnenberger Str. 10<br>82278 H\u00f6rbach<\/p>\n\n\n\n<p>Helmut Eckl \u2013 Urgestein der M\u00fcnchner Kultur- und Kabarettszene und erster K\u00fcnstler beim Montagsbrettl \u2013 Holger Paetz \u2013 ehemaliges Mitglied der Lach- und Schie\u00df, 10 Jahre lang Singspiel-Schreiber auf dem Nockherberg und \u201eSalzburger Stier\u201c-Preistr\u00e4ger \u2013 und Thomas Grasberger \u2013 bekannt durch seine Bayern 2-Sendungen, B\u00fccher wie die \u201eGebrauchsanweisung f\u00fcr M\u00fcnchen\u201c und seine Trilogie zur Analyse des bayerischen Seelenzustandes sowie Tr\u00e4ger des Ernst-Hoferichter-Preises \u2013 haben bei der Lesung das \u201eDuo Infernale\u201c mit den beiden Musikerinnen Ingrid Westermeier (Gitarre) und Anne Braatz (Violoncello) im Gep\u00e4ck.<\/p>\n\n\n\n<p>7. Mai 2019<br>Buchvorstellung<br><strong>Revolution in M\u00fcnchen<\/strong><br>Monacensia<br>M\u00fcnchen<\/p>\n\n\n\n<p>10. April 2019<br><strong>Kabarettistische Lesung<\/strong><br>Eine Veranstaltung der Theatergemeinde e.V.<br>Altes Rathaus<br>M\u00fcnchen<\/p>\n\n\n\n<p><strong>6. M\u00e4rz 2019<\/strong><br><strong>Kabarettistischer Abend<\/strong><br>Kleinkunstbrauerei Thadd\u00e4us<br>Kaisheim<\/p>\n\n\n\n<p><strong>23. Februar 2019<\/strong><br><strong>Kabarettistische Lesung<\/strong><br>Haus der bayerischen Landwirtschaft<br>Herrsching<\/p>\n\n\n\n<p>6. Januar 2019<br><strong>Fr\u00fchschoppen mit Helmut Eckl<\/strong><br>Theater im Fraunhofer<br>M\u00fcnchen<\/p>\n\n\n\n<p>22. November 2018<br><strong>Gespr\u00e4ch mit D\u00f6rte Hansen<\/strong><br>im Rahmen der B\u00fccherschau<br>Carl Orff Saal, Gasteig, M\u00fcnchen<br><a href=\"https:\/\/www.sueddeutsche.de\/kultur\/literaturfest-ganz-privat-1.4223858\" target=\"_blank\" rel=\"noreferrer noopener\">Bericht in der SZ<\/a><\/p>\n<\/div><\/div>\n\n\n\n<div class=\"wp-block-group\"><div class=\"wp-block-group__inner-container is-layout-flow wp-block-group-is-layout-flow\">\n<p>31. Oktober 2018<br><strong>Lesung<\/strong><br>Zum Gutmann<br>Eichst\u00e4tt<\/p>\n<\/div><\/div>\n\n\n\n<div class=\"wp-block-group\"><div class=\"wp-block-group__inner-container is-layout-flow wp-block-group-is-layout-flow\">\n<p>19. Oktober 2018<br><strong>Kabarett<\/strong><br>Beim Kirchenwirt<br>Kellberg<\/p>\n<\/div><\/div>\n\n\n\n<div class=\"wp-block-group\"><div class=\"wp-block-group__inner-container is-layout-flow wp-block-group-is-layout-flow\">\n<p>30. September 2018<br><strong>Lesung<\/strong><br>Pasinger Fabrik<br>M\u00fcnchen<\/p>\n<\/div><\/div>\n\n\n\n<div class=\"wp-block-group\"><div class=\"wp-block-group__inner-container is-layout-flow wp-block-group-is-layout-flow\">\n<p>10. September 2018<br><strong>Grant &#8211; Der Blues des S\u00fcdens<\/strong><br>H\u00f6rbacher Montagsbrettl<\/p>\n<\/div><\/div>\n\n\n\n<div class=\"wp-block-group\"><div class=\"wp-block-group__inner-container is-layout-flow wp-block-group-is-layout-flow\">\n<p>12. Januar 2018<br><strong>Faschingslesung mit den Turmschreibern<\/strong><br>Stadttheater<br>Ingolstadt<\/p>\n<\/div><\/div>\n\n\n\n<div class=\"wp-block-group\"><div class=\"wp-block-group__inner-container is-layout-flow wp-block-group-is-layout-flow\">\n<p>19. Januar 2017<br><strong>Verleihung des Ernst-Hoferichter-Preises an Thomas Grasberger<\/strong><br>durch den Kulturreferenten der LH M\u00fcnchen Dr. Hans-Georg K\u00fcppers<\/p>\n\n\n\n<p>Festveranstaltung im Literaturhaus M\u00fcnchen<\/p>\n\n\n\n<p>Der mit 5000 Euro dotierte Preis zeichnet seit 1975 j\u00e4hrlich freischaffende M\u00fcnchner K\u00fcnstlerinnen und K\u00fcnstler aus dem Bereich Literatur und Kabarett aus, die &#8211; wie Ernst Hoferichter &#8211; Originalit\u00e4t mit Weltoffenheit und Humor verbinden. Der Preis wurde von Franzi Hoferichter, der Witwe des M\u00fcnchner Schriftstellers, gestiftet. \u00dcber die Vergabe entscheidet der Stiftungsbeirat der Ernst-Hoferichter-Stiftung, der auch als Jury fungiert.<\/p>\n\n\n\n<p>Die Jury begr\u00fcndete ihre Entscheidung wie folgt:<\/p>\n\n\n\n<p>Thomas Grasberger erkundet M\u00fcnchen und die Seele seiner (Ur-)Einwohner und gibt uns auf 200 Seiten eine allumfassende &#8222;Gebrauchsanweisung f\u00fcr M\u00fcnchen&#8220; an die Hand. Er berichtet \u00fcber Eisenbahn-Reisen in England, protestantisches Leben in Rom und b\u00f6hmische B\u00e4der und paddelt im Kajak durch Deutschlands &#8222;Amazonas&#8220;, 950 km Wasserwege im brandenburgischen Spreewald. Er schreibt \u00fcber Gabriele d&#8217;Annunzio und Ludwig Thoma, 1860 M\u00fcnchen und den FC Bayern, Rosa Luxemburg und Mao Zedong, Hopfen und Malz; er reist durch Tschechien, Italien, England, Polen, die Ukraine. Und immer wieder durch Bayern, durch die bayerische Geschichte und vor allem die bayerische Mentalit\u00e4t. Er analysiert und illustriert den &#8222;Grant&#8220;, den &#8222;Blues des S\u00fcdens&#8220;, dieses so tiefsitzende und komplexe Lebensgef\u00fchl, und f\u00fchrt die Leser ein in eine Philosophie der &#8222;Grantologie&#8220;. In dem Buch &#8222;Stenz. Die Lust des S\u00fcdens&#8220; geht er der Frage nach, ob der Bavarian Lover anders liebt, und unternimmt eine informative und am\u00fcsante Lustreise durch Schwabinger Szenelokale, die Schlafkammern von Bauernm\u00e4gden und die Zellen bairischer Kl\u00f6ster. In &#8222;Flins. Das Geld des S\u00fcdens&#8220; schlie\u00dflich sp\u00fcrt er quer durch die Zeiten und sozialen Schichten dem &#8222;Homo oeconomicus bavaricus&#8220; nach.<\/p>\n\n\n\n<p>Thomas Grasberger ist ein vielseitiger Autor und Journalist, mit weitem Horizont und eigenwilligem Zugriff auf seine Sujets, witzig und humorvoll, gr\u00fcndlich und hintergr\u00fcndig. Drei Kriterien muss ein Ernst-Hoferichter-Preistr\u00e4ger erf\u00fcllen: Originalit\u00e4t, Weltoffenheit und Humor. Thomas Grasberger, befindet der Stiftungsbeirat, besteht die Pr\u00fcfung in jeder Hinsicht bravour\u00f6s.<\/p>\n<\/div><\/div>\n<\/div><\/div>\n","protected":false},"excerpt":{"rendered":"<p>5. Oktober 2025 \/ 19 UhrVerleihung der Bayerischen PoetentalerEin Galaabend der M\u00fcnchner Turmschreiber im Deutschen TheaterM\u00fcnchen Die M\u00fcnchner Turmschreiber ehren in diesem Jahr den Schriftsteller Paul Maar, die Schauspielerin Brigitte Hobmeier, die Torwart-Legende Sepp Maier&#8230;<\/p>\n","protected":false},"author":2,"featured_media":0,"parent":0,"menu_order":0,"comment_status":"closed","ping_status":"closed","template":"","meta":{"footnotes":""},"class_list":["post-18","page","type-page","status-publish","hentry"],"_links":{"self":[{"href":"https:\/\/thomasgrasberger.de\/index.php?rest_route=\/wp\/v2\/pages\/18","targetHints":{"allow":["GET"]}}],"collection":[{"href":"https:\/\/thomasgrasberger.de\/index.php?rest_route=\/wp\/v2\/pages"}],"about":[{"href":"https:\/\/thomasgrasberger.de\/index.php?rest_route=\/wp\/v2\/types\/page"}],"author":[{"embeddable":true,"href":"https:\/\/thomasgrasberger.de\/index.php?rest_route=\/wp\/v2\/users\/2"}],"replies":[{"embeddable":true,"href":"https:\/\/thomasgrasberger.de\/index.php?rest_route=%2Fwp%2Fv2%2Fcomments&post=18"}],"version-history":[{"count":23,"href":"https:\/\/thomasgrasberger.de\/index.php?rest_route=\/wp\/v2\/pages\/18\/revisions"}],"predecessor-version":[{"id":536,"href":"https:\/\/thomasgrasberger.de\/index.php?rest_route=\/wp\/v2\/pages\/18\/revisions\/536"}],"wp:attachment":[{"href":"https:\/\/thomasgrasberger.de\/index.php?rest_route=%2Fwp%2Fv2%2Fmedia&parent=18"}],"curies":[{"name":"wp","href":"https:\/\/api.w.org\/{rel}","templated":true}]}}