{"id":16,"date":"2021-01-19T09:17:38","date_gmt":"2021-01-19T09:17:38","guid":{"rendered":"https:\/\/thomasgrasberger.de\/?page_id=16"},"modified":"2025-09-23T08:10:24","modified_gmt":"2025-09-23T07:10:24","slug":"vita","status":"publish","type":"page","link":"https:\/\/thomasgrasberger.de\/?page_id=16","title":{"rendered":"Vita"},"content":{"rendered":"\n<ul class=\"wp-block-list vita\">\n<li><strong>30. Mai 1964<\/strong> geboren in Alt\u00f6tting, Oberbayern<\/li>\n\n\n\n<li><strong>1974-1985<\/strong> <a href=\"http:\/\/koenig-karlmann-gymnasium.de\/\" target=\"_blank\" rel=\"noreferrer noopener\">Kreisgymnasium Alt\u00f6tting<\/a>, mit Unterbrechung 1983\/84<br>(vor\u00fcbergehende freiberufliche T\u00e4tigkeit bei der M\u00fcllabfuhr und auf Baustellen)<\/li>\n\n\n\n<li><strong>1985<\/strong> Abitur<\/li>\n\n\n\n<li><strong>1985-1987<\/strong> Zivildienst beim <a href=\"http:\/\/www.bund-naturschutz.de\/\" target=\"_blank\" rel=\"noreferrer noopener\">Bund Naturschutz<\/a> in Alt\u00f6tting<\/li>\n\n\n\n<li><strong>1987<\/strong> Beginn des Studiums der Politikwissenschaft, Philosophie und Bayerischen Geschichte an der Ludwig-Maximilians-Universit\u00e4t in M\u00fcnchen (Schwerpunkte: Politische \u00d6kologie, Politische Philosophie und neuere bayerische Geschichte)<\/li>\n\n\n\n<li><strong>1991-1992<\/strong> Stipendium f\u00fcr ein Auslandssemester an der Chulalongkorn-Universit\u00e4t in Bangkok\/ Thailand<\/li>\n\n\n\n<li><strong>1993<\/strong> Abschluss des Studiums in M\u00fcnchen, Magisterarbeit \u00fcber Alexis de Tocqueville<\/li>\n\n\n\n<li><strong>1993-1994<\/strong> Besuch der <a href=\"http:\/\/www.djs-online.de\/\" target=\"_blank\" rel=\"noreferrer noopener\">Deutschen Journalistenschule<\/a> in M\u00fcnchen, Kompaktklasse K32<\/li>\n\n\n\n<li><strong>1994-1996<\/strong> freie T\u00e4tigkeit f\u00fcr Abendzeitung, S\u00fcddeutsche Zeitung und Bayerischer Rundfunk (Radio); Schwerpunkt Lokalpolitik und M\u00fcnchner Kultur<\/li>\n\n\n\n<li><strong>1996-1998<\/strong> Redakteur im Feuilleton der Abendzeitung in M\u00fcnchen, Schwerpunkt Literatur und Kulturpolitik<\/li>\n\n\n\n<li><strong>1998-2000<\/strong> freie T\u00e4tigkeit f\u00fcr Die Welt, Literarische Welt, Focus (Ressort Forschung und Technik), Bayerischer Rundfunk und verschiedene Zeitschriften (Abenteuer &amp; Reisen, Berge, Buchreport) sowie diverse Publikationen zur bayerischen Literatur und Geschichte; Moderationen von Podiumsdiskussionen, u.a. zum Thema \u201eNationalsozialismus und Erinnern\u201c<\/li>\n\n\n\n<li><strong>seit 2000<\/strong> &#8222;fest-freier&#8220; Autor beim Bayerischen Rundfunk (Bayern 2\/Abt. H\u00f6rspiel und Feature)<\/li>\n\n\n\n<li><strong>2001<\/strong> <a href=\"https:\/\/www.amazon.de\/dp\/3492277462\/ref=sspa_dk_hqp_detail_aax_0?psc=1&amp;sp_csd=d2lkZ2V0TmFtZT1zcF9ocXBfc2hhcmVk\">Gebrauchsanweisung f\u00fcr M\u00fcnchen<\/a> (Piper Verlag)<\/li>\n\n\n\n<li><strong>2003<\/strong> <strong>Mobilfunk &#8211; Freilandversuch am Menschen<\/strong> (Kunstmann Verlag)<\/li>\n\n\n\n<li><strong>2004<\/strong> <strong>Nachgefragt. Deutsche Literatur<\/strong> (Loewe Verlag)<\/li>\n\n\n\n<li><strong>2012<\/strong> <strong>GRANT &#8211; Der Blues des S\u00fcdens<\/strong> (Diederichs Verlag)<\/li>\n\n\n\n<li><strong>2013<\/strong> <strong>STENZ &#8211; Die Lust des S\u00fcdens<\/strong> (Diederichs Verlag)<\/li>\n\n\n\n<li><strong>2014<\/strong> <strong>Die Revolution 1918\/1919<\/strong> &#8211; Aufsatz in: <a href=\"https:\/\/www.verlag-pustet.de\/shop\/item\/9783791725574\/revolution-in-munchen-von-oliver-braun-kartoniertes-buch\">Revolution in M\u00fcnchen. 1800 &#8211; 1848 &#8211; 1918 &#8211; 1933 &#8211; 1968<\/a> (Pustet Verlag)<\/li>\n\n\n\n<li><strong>2015<\/strong> <strong>FLINS &#8211; Das Geld des S\u00fcdens<\/strong> (K\u00f6sel Verlag)<\/li>\n\n\n\n<li><strong>2013-2015<\/strong> Lehrbeauftragter an der Universit\u00e4t Bayreuth am Lehrstuhl &#8222;Literaturwissenschaft: berufsbezogen&#8220; zu den Themen &#8222;Journalismus im H\u00f6rfunk&#8220;, &#8222;Geschichte im H\u00f6rfunk&#8220;, &#8222;Literarische Portr\u00e4ts im H\u00f6rfunk&#8220;<\/li>\n\n\n\n<li><strong>2017<\/strong> Auszeichnung mit dem Ernst-Hoferichter-Preis 2017<\/li>\n\n\n\n<li><strong>2017<\/strong> Aufnahme in die s\u00fcddeutsche Literatenvereinigung der<br><a href=\"http:\/\/www.muenchner-turmschreiber.de\/\" target=\"_blank\" rel=\"noreferrer noopener\">M\u00fcnchner Turmschreiber<\/a><\/li>\n<\/ul>\n\n\n\n<h3 class=\"wp-block-heading\">Interessensgebiete<\/h3>\n\n\n\n<p>Politik, Zeitgeschichte, Bayerische Geschichte, Sozialgeschichte, Philosophie, Nationalsozialismus, \u00d6kologie<\/p>\n\n\n\n<p>Thomas Grasberger lebt mit seiner Frau und den zwei gemeinsamen S\u00f6hnen in M\u00fcnchen.<\/p>\n\n\n\n<p>Weitere Informationen zu Thomas Grasberger auf <a href=\"https:\/\/de.wikipedia.org\/wiki\/Thomas_Grasberger\" target=\"_blank\" rel=\"noreferrer noopener\">Wikipedia<\/a>.<\/p>\n\n\n\n<p><em>Stand: Mai 202<\/em>5<\/p>\n","protected":false},"excerpt":{"rendered":"<p>Interessensgebiete Politik, Zeitgeschichte, Bayerische Geschichte, Sozialgeschichte, Philosophie, Nationalsozialismus, \u00d6kologie Thomas Grasberger lebt mit seiner Frau und den zwei gemeinsamen S\u00f6hnen in M\u00fcnchen. Weitere Informationen zu Thomas Grasberger auf Wikipedia. Stand: Mai 2025<\/p>\n","protected":false},"author":2,"featured_media":0,"parent":0,"menu_order":0,"comment_status":"closed","ping_status":"closed","template":"","meta":{"footnotes":""},"class_list":["post-16","page","type-page","status-publish","hentry"],"_links":{"self":[{"href":"https:\/\/thomasgrasberger.de\/index.php?rest_route=\/wp\/v2\/pages\/16","targetHints":{"allow":["GET"]}}],"collection":[{"href":"https:\/\/thomasgrasberger.de\/index.php?rest_route=\/wp\/v2\/pages"}],"about":[{"href":"https:\/\/thomasgrasberger.de\/index.php?rest_route=\/wp\/v2\/types\/page"}],"author":[{"embeddable":true,"href":"https:\/\/thomasgrasberger.de\/index.php?rest_route=\/wp\/v2\/users\/2"}],"replies":[{"embeddable":true,"href":"https:\/\/thomasgrasberger.de\/index.php?rest_route=%2Fwp%2Fv2%2Fcomments&post=16"}],"version-history":[{"count":22,"href":"https:\/\/thomasgrasberger.de\/index.php?rest_route=\/wp\/v2\/pages\/16\/revisions"}],"predecessor-version":[{"id":542,"href":"https:\/\/thomasgrasberger.de\/index.php?rest_route=\/wp\/v2\/pages\/16\/revisions\/542"}],"wp:attachment":[{"href":"https:\/\/thomasgrasberger.de\/index.php?rest_route=%2Fwp%2Fv2%2Fmedia&parent=16"}],"curies":[{"name":"wp","href":"https:\/\/api.w.org\/{rel}","templated":true}]}}