{"id":158,"date":"2021-01-20T11:49:25","date_gmt":"2021-01-20T11:49:25","guid":{"rendered":"https:\/\/thomasgrasberger.de\/?page_id=158"},"modified":"2021-05-18T11:34:55","modified_gmt":"2021-05-18T10:34:55","slug":"interviews","status":"publish","type":"page","link":"https:\/\/thomasgrasberger.de\/?page_id=158","title":{"rendered":"Interviews"},"content":{"rendered":"\n<p>Literaturportal Bayern: Widerstandsgeist. Anarchismus in Bayern (2021)<br>Grant als Selbstverteidigungsstrategie<br><a rel=\"noreferrer noopener\" href=\"https:\/\/www.literaturportal-bayern.de\/themen?task=lpbtheme.default&amp;id=1444\" data-type=\"URL\" data-id=\"https:\/\/www.literaturportal-bayern.de\/themen?task=lpbtheme.default&amp;id=1444\" target=\"_blank\">zum Interview<\/a><\/p>\n\n\n\n<p>S\u00fcddeutsche Zeitung: Zirkeltraining ist auch keine L\u00f6sung (2019) <br><a rel=\"noreferrer noopener\" href=\"https:\/\/www.sueddeutsche.de\/muenchen\/sport\/formsache-zirkeltraining-ist-auch-keine-loesung-1.4475997\" target=\"_blank\">zum Interview<\/a><\/p>\n\n\n\n<p>KulturKomplott (2018) <br><a rel=\"noreferrer noopener\" href=\"https:\/\/thomasgrasberger.de\/wp-content\/uploads\/2021\/01\/TG-Kulturkomplott-interview.pdf\" target=\"_blank\">zum Interview<\/a><\/p>\n\n\n\n<p>B\u00fccher und mehr \/ Magazin der M\u00fcnchner Stadtbibliothek (2016) <br><a rel=\"noreferrer noopener\" href=\"https:\/\/www.buecher-und-mehr.org\/index.php?l=33&amp;news_id_gsp=259#tr259\" target=\"_blank\">zum Interview<\/a><br><br><\/p>\n\n\n\n<p><\/p>\n","protected":false},"excerpt":{"rendered":"<p>Literaturportal Bayern: Widerstandsgeist. Anarchismus in Bayern (2021)Grant als Selbstverteidigungsstrategiezum Interview S\u00fcddeutsche Zeitung: Zirkeltraining ist auch keine L\u00f6sung (2019) zum Interview KulturKomplott (2018) zum Interview B\u00fccher und mehr \/ Magazin der M\u00fcnchner Stadtbibliothek (2016) zum Interview<\/p>\n","protected":false},"author":2,"featured_media":0,"parent":0,"menu_order":0,"comment_status":"closed","ping_status":"closed","template":"","meta":{"footnotes":""},"class_list":["post-158","page","type-page","status-publish","hentry"],"_links":{"self":[{"href":"https:\/\/thomasgrasberger.de\/index.php?rest_route=\/wp\/v2\/pages\/158","targetHints":{"allow":["GET"]}}],"collection":[{"href":"https:\/\/thomasgrasberger.de\/index.php?rest_route=\/wp\/v2\/pages"}],"about":[{"href":"https:\/\/thomasgrasberger.de\/index.php?rest_route=\/wp\/v2\/types\/page"}],"author":[{"embeddable":true,"href":"https:\/\/thomasgrasberger.de\/index.php?rest_route=\/wp\/v2\/users\/2"}],"replies":[{"embeddable":true,"href":"https:\/\/thomasgrasberger.de\/index.php?rest_route=%2Fwp%2Fv2%2Fcomments&post=158"}],"version-history":[{"count":15,"href":"https:\/\/thomasgrasberger.de\/index.php?rest_route=\/wp\/v2\/pages\/158\/revisions"}],"predecessor-version":[{"id":433,"href":"https:\/\/thomasgrasberger.de\/index.php?rest_route=\/wp\/v2\/pages\/158\/revisions\/433"}],"wp:attachment":[{"href":"https:\/\/thomasgrasberger.de\/index.php?rest_route=%2Fwp%2Fv2%2Fmedia&parent=158"}],"curies":[{"name":"wp","href":"https:\/\/api.w.org\/{rel}","templated":true}]}}