{"id":148,"date":"2021-01-20T11:23:50","date_gmt":"2021-01-20T11:23:50","guid":{"rendered":"https:\/\/thomasgrasberger.de\/?page_id=148"},"modified":"2021-01-24T18:58:52","modified_gmt":"2021-01-24T17:58:52","slug":"gebrauchsanweisung-fuer-muenchen","status":"publish","type":"page","link":"https:\/\/thomasgrasberger.de\/?page_id=148","title":{"rendered":"Gebrauchsanweisung f\u00fcr M\u00fcnchen"},"content":{"rendered":"\n<div class=\"wp-block-media-text alignwide is-stacked-on-mobile buch\" style=\"grid-template-columns:26% auto\"><figure class=\"wp-block-media-text__media\"><img loading=\"lazy\" decoding=\"async\" width=\"620\" height=\"1024\" src=\"https:\/\/thomasgrasberger.de\/wp-content\/uploads\/2021\/01\/Gebrauchsanweisung-2020-620x1024.jpg\" alt=\"\" class=\"wp-image-260 size-full\" srcset=\"https:\/\/thomasgrasberger.de\/wp-content\/uploads\/2021\/01\/Gebrauchsanweisung-2020-620x1024.jpg 620w, https:\/\/thomasgrasberger.de\/wp-content\/uploads\/2021\/01\/Gebrauchsanweisung-2020-182x300.jpg 182w, https:\/\/thomasgrasberger.de\/wp-content\/uploads\/2021\/01\/Gebrauchsanweisung-2020-768x1269.jpg 768w, https:\/\/thomasgrasberger.de\/wp-content\/uploads\/2021\/01\/Gebrauchsanweisung-2020-929x1536.jpg 929w, https:\/\/thomasgrasberger.de\/wp-content\/uploads\/2021\/01\/Gebrauchsanweisung-2020-700x1157.jpg 700w, https:\/\/thomasgrasberger.de\/wp-content\/uploads\/2021\/01\/Gebrauchsanweisung-2020.jpg 968w\" sizes=\"auto, (max-width: 620px) 100vw, 620px\" \/><\/figure><div class=\"wp-block-media-text__content\">\n<h4 class=\"wp-block-heading\">Thomas Grasberger<\/h4>\n\n\n\n<h3 class=\"wp-block-heading\">Gebrauchsanweisung f\u00fcr M\u00fcnchen<\/h3>\n\n\n\n<p>Aktualisierte Neuausgabe 2020<br>208 Seiten<br>Integralbindung<br>EUR(D) 15,00 <br>EAN 978-3-492-27746-4<br><br><a rel=\"noreferrer noopener\" href=\"http:\/\/www.amazon.de\/gp\/product\/349227501X\/028-6511575-4712525\" target=\"_blank\">Bei amazon.de finden<\/a><\/p>\n<\/div><\/div>\n\n\n\n<p>Was hei\u00dft hier eigentlich M\u00fcnchen? Oktoberfest und Biergarten, Moshammer und bajuwarische Stammesrituale? M\u00fcnchen ist fast alles: wei\u00df-blau und kr\u00e4ftig rot, Weltstadt und Kom\u00f6dienstadel zugleich. Wo M\u00fcnchen liegt, was es wirklich ist &#8211; hier werden Sie es erfahren!<\/p>\n\n\n\n<p>Manch einer glaubt, M\u00fcnchen sei ein Lebensgef\u00fchl. Und dieses Gef\u00fchl ist wei\u00df-blau, Dallmayr und Maximilianstra\u00dfe, es ist Freizeit, Schickimicki und Voralpenland. Aber manch einer irrt. Denn M\u00fcnchen ist mehr als nur Oktoberfest und Hauptstadt der Bayern. Hinter den Kulissen der Film- und Bierstadt gibt es Interessantes und Historisches, Skurriles und Vielf\u00e4ltiges zu entdecken. Thomas Grasberger geht dem Homo bavaricus auf den Grund, und er erkundet f\u00fcr uns die Seele des \u00bbechten\u00ab M\u00fcnchners. Er f\u00fchrt uns in die Zeit, als Schwabing noch Boheme bedeutete, als Giesing noch ein Arbeiterviertel war. Und er kennt sich im Englischen Garten ebenso gut aus wie an den Stammtischen der bayerischen Grantokratie. Manch einer wird in diesem Buch verbl\u00fcffende Entdeckungen machen &#8211; und f\u00fcr jeden wird es ein ungeheures Vergn\u00fcgen sein, M\u00fcnchen darin auf ganz besondere Weise zum ersten Mal zu begegnen. <\/p>\n\n\n\n<blockquote class=\"wp-block-quote is-layout-flow wp-block-quote-is-layout-flow\"><p><em>&#8222;Grasberger am\u00fcsiert seinen Leser mit wohlwollenden, wenn auch bissigen Sozialanalysen.&#8220;<\/em><\/p><cite>Brigitte Giesler, Lesezeichen, Bayerisches Fernsehen<\/cite><\/blockquote>\n\n\n\n<blockquote class=\"wp-block-quote is-layout-flow wp-block-quote-is-layout-flow\"><p><em>&#8222;Grasbergers Gebrauchsanweisung ist nicht in allen F\u00e4llen als solche anzuraten, aber als munter formulierte, historisch oft fein recherchierte und manches Urteil als Vorurteil entlarvende Orts- und Zustandsbeschreibung auch dem M\u00fcnchner selbst zu empfehlen. Schon weil der sich so gerne \u00e4rgert, wenn \u00fcber ihn geschrieben wird.&#8220;<\/em><br><\/p><cite>Karl Forster in: S\u00fcddeutsche Zeitung<\/cite><\/blockquote>\n\n\n\n<blockquote class=\"wp-block-quote is-layout-flow wp-block-quote-is-layout-flow\"><p><em>&#8222;Thomas Grasberger zeigt schon auf den ersten Seiten dieses brillanten B\u00fcchleins, dass er ein Insider ist, der mit viel Humor und Geschick eine Gebrauchsanweisung f\u00fcr die sch\u00f6nste Stadt n\u00f6rdlich der Alpen liefert, die selbst Einheimische verbl\u00fcfft. In erster Linie wendet er sich aber an diejenigen, die M\u00fcnchen zum ersten Mal besuchen und sich vorab informieren wollen \u00fcber die Sehensw\u00fcrdigkeiten, die Bewohner, \u00fcber Sitten und Unsitten, \u00fcber Kulinarisches und, last but not least, \u00fcber das Wetter. Jedem Thema wird der Autor gerecht, realistisch, witzig und mit einem gro\u00dfen Schuss bayerischem Humor. Wenn der Leser auf der letzten Seite angekommen ist, hat er sich k\u00f6niglich am\u00fcsiert und er ist den Geheimnissen der Isar-Metropole ein gro\u00dfes St\u00fcck n\u00e4her gekommen. Diesem Buch w\u00fcnsche ich viele Freunde.&#8220;<\/em><br><\/p><cite>Amazon-Rezension von tina588 aus M\u00fcnchen, Bayern vom 15. August 2001<\/cite><\/blockquote>\n","protected":false},"excerpt":{"rendered":"<p>Thomas Grasberger Gebrauchsanweisung f\u00fcr M\u00fcnchen Aktualisierte Neuausgabe 2020208 SeitenIntegralbindungEUR(D) 15,00 EAN 978-3-492-27746-4 Bei amazon.de finden Was hei\u00dft hier eigentlich M\u00fcnchen? Oktoberfest und Biergarten, Moshammer und bajuwarische Stammesrituale? M\u00fcnchen ist fast alles: wei\u00df-blau und kr\u00e4ftig rot,&#8230;<\/p>\n","protected":false},"author":3,"featured_media":0,"parent":20,"menu_order":0,"comment_status":"closed","ping_status":"closed","template":"","meta":{"footnotes":""},"class_list":["post-148","page","type-page","status-publish","hentry"],"_links":{"self":[{"href":"https:\/\/thomasgrasberger.de\/index.php?rest_route=\/wp\/v2\/pages\/148","targetHints":{"allow":["GET"]}}],"collection":[{"href":"https:\/\/thomasgrasberger.de\/index.php?rest_route=\/wp\/v2\/pages"}],"about":[{"href":"https:\/\/thomasgrasberger.de\/index.php?rest_route=\/wp\/v2\/types\/page"}],"author":[{"embeddable":true,"href":"https:\/\/thomasgrasberger.de\/index.php?rest_route=\/wp\/v2\/users\/3"}],"replies":[{"embeddable":true,"href":"https:\/\/thomasgrasberger.de\/index.php?rest_route=%2Fwp%2Fv2%2Fcomments&post=148"}],"version-history":[{"count":4,"href":"https:\/\/thomasgrasberger.de\/index.php?rest_route=\/wp\/v2\/pages\/148\/revisions"}],"predecessor-version":[{"id":354,"href":"https:\/\/thomasgrasberger.de\/index.php?rest_route=\/wp\/v2\/pages\/148\/revisions\/354"}],"up":[{"embeddable":true,"href":"https:\/\/thomasgrasberger.de\/index.php?rest_route=\/wp\/v2\/pages\/20"}],"wp:attachment":[{"href":"https:\/\/thomasgrasberger.de\/index.php?rest_route=%2Fwp%2Fv2%2Fmedia&parent=148"}],"curies":[{"name":"wp","href":"https:\/\/api.w.org\/{rel}","templated":true}]}}