{"id":144,"date":"2021-01-20T11:07:36","date_gmt":"2021-01-20T11:07:36","guid":{"rendered":"https:\/\/thomasgrasberger.de\/?page_id=144"},"modified":"2025-05-26T11:01:34","modified_gmt":"2025-05-26T10:01:34","slug":"grant-der-blues-des-suedens","status":"publish","type":"page","link":"https:\/\/thomasgrasberger.de\/?page_id=144","title":{"rendered":"Grant. Der Blues des S\u00fcdens"},"content":{"rendered":"\n<div class=\"wp-block-media-text alignwide is-stacked-on-mobile buch\" style=\"grid-template-columns:35% auto\"><figure class=\"wp-block-media-text__media\"><img loading=\"lazy\" decoding=\"async\" width=\"335\" height=\"500\" src=\"https:\/\/thomasgrasberger.de\/wp-content\/uploads\/2021\/01\/cover-grant-13-978-3424350708.jpg\" alt=\"\" class=\"wp-image-71 size-full\" srcset=\"https:\/\/thomasgrasberger.de\/wp-content\/uploads\/2021\/01\/cover-grant-13-978-3424350708.jpg 335w, https:\/\/thomasgrasberger.de\/wp-content\/uploads\/2021\/01\/cover-grant-13-978-3424350708-201x300.jpg 201w\" sizes=\"auto, (max-width: 335px) 100vw, 335px\" \/><\/figure><div class=\"wp-block-media-text__content\">\n<h4 class=\"wp-block-heading\">Thomas Grasberger<\/h4>\n\n\n\n<h3 class=\"wp-block-heading\">Grant. Der Blues des S\u00fcdens<\/h3>\n\n\n\n<p>192 Seiten<br>Diederichs Verlag<br>Erschienen am 23. April 2012<br>Gebundene Ausgabe<br>EUR(D) 14,99<br>ISBN-13 978-3424350708<br><br><a href=\"http:\/\/www.amazon.de\/Grant-Blues-S%C3%BCdens-Thomas-Grasberger\/dp\/3424350702\" target=\"_blank\" rel=\"noreferrer noopener\">Bei Amazon finden<\/a><\/p>\n<\/div><\/div>\n\n\n\n<p>F\u00fcnf Buchstaben, ein Lebensgef\u00fchl. Der Grant geh\u00f6rt zu den Wesensmerkmalen der Alpenanrainer. Vom Bodensee bis Wien, von M\u00fcnchen bis Klagenfurt. Jeder, auch im Norden, kennt die Symptome: Maulfaulheit, grimmiger Blick und eine geh\u00f6rige Portion Weltschmerz.<\/p>\n\n\n\n<p>Aber Achtung! Grant ist mehr als schlechte Laune. Grant ist tiefer und komplexer. Ein Blues,traurig, bitter und voller Z\u00e4rtlichkeit. Grant bedeutet Widerstand gegen den Gute-Laune-Terror der Berufsoptimisten und Dauerl\u00e4chler, der Ja-Sager und Handlanger einer globalen Konsum- und Verbl\u00f6dungsmaschinerie. Kurzum: Grant ist gelebte Philosophie. Grant tut Not.<\/p>\n\n\n\n<p>Wer den S\u00fcden wirklich verstehen will, kommt um dieses Buch nicht herum.<br><\/p>\n\n\n\n<blockquote class=\"wp-block-quote is-layout-flow wp-block-quote-is-layout-flow\">\n<p><em>Thomas Grasberger hat nun ein bedeutsames Buch geschrieben, ein Loblied auf die schlechte Laune.<\/em><br><\/p>\n<cite>Ursula M\u00e4rz, DIE ZEIT<\/cite><\/blockquote>\n\n\n\n<blockquote class=\"wp-block-quote is-layout-flow wp-block-quote-is-layout-flow\">\n<p><em>Grasberger h\u00e4lt sich in seinem tollen Buch nicht unn\u00f6tig mit bairischer Folklore auf, sondern geht dem Grant auf den Grund. Ein feines Buch.<\/em><\/p>\n<cite>Hendrik Heinze, Bayerischer Rundfunk, Kulturwelt<\/cite><\/blockquote>\n\n\n\n<blockquote class=\"wp-block-quote is-layout-flow wp-block-quote-is-layout-flow\">\n<p><br><em>Endlich stellt ein Buch die wichtigste bairische Grundhaltung in den gro\u00dfen geistesgeschichtlichen Kontext.<\/em><\/p>\n<cite>Norbert Haberger, Bayerisches Fernsehen\/Capriccio<\/cite><\/blockquote>\n\n\n\n<blockquote class=\"wp-block-quote is-layout-flow wp-block-quote-is-layout-flow\">\n<p><br><em>Eine historisch-psychologische Einordnung des Ph\u00e4nomens von der Antike \u00fcber die Lex Baiuvariorum unter gro\u00dfbairischer Ber\u00fccksichtigung des Wiener Raunzens bis zu den cholerischen Anf\u00e4llen des Uli Hoene\u00df. Ein Standardwerk.<\/em><\/p>\n<cite>Die Abendzeitung<\/cite><\/blockquote>\n\n\n\n<blockquote class=\"wp-block-quote is-layout-flow wp-block-quote-is-layout-flow\">\n<p><em>Der Grant lebt. Thomas Grasberger erkl\u00e4rt in seinem Buch das vielschichtige bayerische Schimpfen.<\/em><\/p>\n<cite>S\u00fcddeutsche Zeitung<\/cite><\/blockquote>\n\n\n\n<blockquote class=\"wp-block-quote is-layout-flow wp-block-quote-is-layout-flow\">\n<p><em>Maulen, meckern und murren: Ein neues Buch erkundet das bestimmende Wiener Lebensgef\u00fchl des Raunzens.<\/em><br><\/p>\n<cite>PROFIL, Wien<\/cite><\/blockquote>\n\n\n\n<blockquote class=\"wp-block-quote is-layout-flow wp-block-quote-is-layout-flow\">\n<p><em>Als Vorstadt-Grantler muss man diese Einf\u00fchrung in die Grantologie kennen. Man kann sich \u00fcber dieses hervorragende Werk nicht einmal gescheit aufregen!<\/em><\/p>\n<cite>Josef Maria Wagner, M\u00fcnchen<\/cite><\/blockquote>\n\n\n\n<blockquote class=\"wp-block-quote is-layout-flow wp-block-quote-is-layout-flow\">\n<p><em>Grasberger hat jetzt ein ultimatives Buch \u00fcber ein starkes bayerisches Gef\u00fchl geschrieben &#8211; den Grant. Der Grant, so hei\u00dft es am Ende dieser grandiosen Eloge auf das andere Bayern und das andere Leben im Falschen, &#8218;ist eine Stinkbombe, die man beizeiten wirft, um sich von unliebsamen Zeitgenossen zu befreien und sich ein wenig Luft zu verschaffen.&#8216; Gro\u00dfes Mitleid f\u00fcr alle, die den Grant nicht kennen.<\/em><br><\/p>\n<cite>Carl-Wilhelm Macke, <a rel=\"noreferrer noopener\" href=\"http:\/\/culturmag.de\/rubriken\/buecher\/thomas-grasberger-grant-der-blues-des-sudens\/50296\" target=\"_blank\">CulturMag<\/a><\/cite><\/blockquote>\n\n\n\n<blockquote class=\"wp-block-quote is-layout-flow wp-block-quote-is-layout-flow\">\n<p><em>Ganz und gar nicht grantig bin ich dabei, mir ihre kulturphilosophische Abhandlung \u00fcber den bairischen Grant einzuverleiben. Nein, nicht vor mich hinbrummelnd und unansprechbar bleibend an einem Wirtshaustisch, sondern als ein\u00a0im Exil lebender und gerade wegen des Grants oft missverstandener Exilbayer.<\/em><br><\/p>\n<cite>Willi Reichert, Visselh\u00f6vede<\/cite><\/blockquote>\n\n\n\n<blockquote class=\"wp-block-quote is-layout-flow wp-block-quote-is-layout-flow\">\n<p><em>Danke f\u00fcr dieses Buch. Endlich ist auch das literarisch zum Ausdruck gebracht worden, was viele von uns &#8211; und ich besonders &#8211; f\u00fchlen, ohne dass sie es so pr\u00e4zise beschreiben k\u00f6nnten. Endlich eine handfeste, greifbare Erkl\u00e4rung f\u00fcr eine Stimmungslage, die oft als notorische N\u00f6rgelei abgetan wird. T\u00e4glich bin ich in meiner Arbeit umringt von dauerl\u00e4chelnden Deppen, Jasagern, Arschkriechern und Berufsoptimisten. Und wer bleibt da noch als vern\u00fcnftiger Ansprechpartner? Richtig, nur man selbst. Sicher, den Inhalt wird ein Nicht-Baier kaum verstehen oder gar nachvollziehen k\u00f6nnen. Aber f\u00fcr uns &#8211; die Verst\u00e4ndigen &#8211; ist es eine Genugtuung, ein Ratgeber, eine Erleuchtung und Selbstfindung. Ein Meisterwerk der Aufkl\u00e4rung. Und ganz nebenbei habe ich viele Details aus der bairischen Geschichte gelernt. Danke!<\/em><br><\/p>\n<cite>Harald Daeschler, M\u00fcnchen<\/cite><\/blockquote>\n\n\n\n<blockquote class=\"wp-block-quote is-layout-flow wp-block-quote-is-layout-flow\">\n<p><em>Ich bin eine waschechte M\u00fcnchnerin, \u00fcberzeugte Baierin und grantig bin ich auch ab und zu. Ich spreche zwar absolut bairisch, aber mit dem bairisch schreiben hapert&#8217;s &#8211; is sauschwer! Ich hab mich narrisch \u00fcber Ihr Buch &#8222;Grant&#8220; gefreut, trifft den Nagel auf den Kopf und ich lass mir mein Kulturgut auch nicht nehmen. Haben Sie herzlichen Dank f\u00fcr Ihr mir aus der Seele sprechendes Buch.<\/em><br><\/p>\n<cite>Renate R\u00f6slmair, Taufkirchen<\/cite><\/blockquote>\n\n\n\n<blockquote class=\"wp-block-quote is-layout-flow wp-block-quote-is-layout-flow\">\n<p><em>Dieses Buch ist eine Liebeserkl\u00e4rung an alle Grantler. Mit feinster Feder schildert Thomas Grasberger seine wunderbaren philosophischen und historischen Ansichten \u00fcber unser ganz spezielles V\u00f6lkchen.<\/em><br><\/p>\n<cite>Carina Lechner, M\u00fcnchner Merkur<\/cite><\/blockquote>\n\n\n\n<blockquote class=\"wp-block-quote is-layout-flow wp-block-quote-is-layout-flow\">\n<p><em>Thomas Grasberger befasst sich in &#8218;Grant. Der Blues des S\u00fcdens&#8216; mit allen Facetten dieses bairischen Ph\u00e4nomens, durchaus ernsthaft und sogar philosophisch, aber auch mit Augenzwinkern und Humor. Eine sehr gelungene Einf\u00fchrung in die Grantologie!<\/em><br><\/p>\n<cite>Stefanie Wierer, Buchhandlung Edele\/Oberstaufen<\/cite><\/blockquote>\n","protected":false},"excerpt":{"rendered":"<p>Thomas Grasberger Grant. Der Blues des S\u00fcdens 192 SeitenDiederichs VerlagErschienen am 23. April 2012Gebundene AusgabeEUR(D) 14,99ISBN-13 978-3424350708 Bei Amazon finden F\u00fcnf Buchstaben, ein Lebensgef\u00fchl. Der Grant geh\u00f6rt zu den Wesensmerkmalen der Alpenanrainer. Vom Bodensee bis&#8230;<\/p>\n","protected":false},"author":3,"featured_media":0,"parent":20,"menu_order":0,"comment_status":"closed","ping_status":"closed","template":"","meta":{"footnotes":""},"class_list":["post-144","page","type-page","status-publish","hentry"],"_links":{"self":[{"href":"https:\/\/thomasgrasberger.de\/index.php?rest_route=\/wp\/v2\/pages\/144","targetHints":{"allow":["GET"]}}],"collection":[{"href":"https:\/\/thomasgrasberger.de\/index.php?rest_route=\/wp\/v2\/pages"}],"about":[{"href":"https:\/\/thomasgrasberger.de\/index.php?rest_route=\/wp\/v2\/types\/page"}],"author":[{"embeddable":true,"href":"https:\/\/thomasgrasberger.de\/index.php?rest_route=\/wp\/v2\/users\/3"}],"replies":[{"embeddable":true,"href":"https:\/\/thomasgrasberger.de\/index.php?rest_route=%2Fwp%2Fv2%2Fcomments&post=144"}],"version-history":[{"count":9,"href":"https:\/\/thomasgrasberger.de\/index.php?rest_route=\/wp\/v2\/pages\/144\/revisions"}],"predecessor-version":[{"id":533,"href":"https:\/\/thomasgrasberger.de\/index.php?rest_route=\/wp\/v2\/pages\/144\/revisions\/533"}],"up":[{"embeddable":true,"href":"https:\/\/thomasgrasberger.de\/index.php?rest_route=\/wp\/v2\/pages\/20"}],"wp:attachment":[{"href":"https:\/\/thomasgrasberger.de\/index.php?rest_route=%2Fwp%2Fv2%2Fmedia&parent=144"}],"curies":[{"name":"wp","href":"https:\/\/api.w.org\/{rel}","templated":true}]}}