{"id":14,"date":"2021-01-19T09:16:57","date_gmt":"2021-01-19T09:16:57","guid":{"rendered":"https:\/\/thomasgrasberger.de\/?page_id=14"},"modified":"2025-05-26T10:55:10","modified_gmt":"2025-05-26T09:55:10","slug":"fernsehen","status":"publish","type":"page","link":"https:\/\/thomasgrasberger.de\/?page_id=14","title":{"rendered":"Fernsehen"},"content":{"rendered":"\n<div class=\"wp-block-group items\"><div class=\"wp-block-group__inner-container is-layout-flow wp-block-group-is-layout-flow\">\n<div class=\"wp-block-group\"><div class=\"wp-block-group__inner-container is-layout-flow wp-block-group-is-layout-flow\">\n<h3 class=\"wp-block-heading\"><strong>ZEFIX HALLELUJA! Die Kunst des Grants <\/strong><\/h3>\n\n\n\n<p>Nachdem das 2012 erschienene Buch &#8222;Grant &#8211; Der Blues des S\u00fcdens&#8220; mittlerweile zum grantologischen Standardwerk geworden ist, hat sich Thomas Grasberger auch f\u00fcr den das Bayerische Fernsehen auf die Suche nach dem ganz besonderen Lebensgef\u00fchl gemacht. Gemeinsam mit passionierten Grant-Darstellern sammelt er Argumente daf\u00fcr, den Grant in die UNESCO-Liste des immateriellen Kulturerbes aufzunehmen (45 min).<\/p>\n<\/div><\/div>\n\n\n\n<div class=\"wp-block-group\"><div class=\"wp-block-group__inner-container is-layout-flow wp-block-group-is-layout-flow\">\n<h3 class=\"wp-block-heading\"><strong>DER GRANT <\/strong><\/h3>\n\n\n\n<p>&#8222;Ich grantle, also bin ich!&#8220;: Ein Beitrag \u00fcber die hohe Kunst des Grantelns.<br>mit Thomas Grasberger von Norbert Haberger f\u00fcr Capriccio (5 min).<\/p>\n<\/div><\/div>\n\n\n\n<div class=\"wp-block-group\"><div class=\"wp-block-group__inner-container is-layout-flow wp-block-group-is-layout-flow\">\n<h3 class=\"wp-block-heading\"><strong>BAYERN ERLEBEN: Auf dem Jakobsweg von N\u00fcrnberg nach Eichst\u00e4tt<\/strong><\/h3>\n\n\n\n<p>Der Jakobsweg ist zu einem faszinierenden Anziehungspunkt f\u00fcr Menschen aus aller Welt geworden. Doch w\u00e4hrend das letzte Teilst\u00fcck im Norden Spaniens bis Santiago de Compostela mittlerweile restlos \u00fcberlaufen ist, bieten andere Streckenabschnitten noch spannende Entdeckungen. Auf der 90 Kilometer langen Etappe von N\u00fcrnberg nach Eichst\u00e4tt leitet die Jakobsmuschel den Journalisten und Buchautor Thomas Grasberger durch den Lorenzer Reichswald, das Fr\u00e4nkische Seenland und den Naturpark Altm\u00fchltal (45 min).<\/p>\n<\/div><\/div>\n\n\n\n<p><\/p>\n<\/div><\/div>\n","protected":false},"excerpt":{"rendered":"<p>ZEFIX HALLELUJA! Die Kunst des Grants Nachdem das 2012 erschienene Buch &#8222;Grant &#8211; Der Blues des S\u00fcdens&#8220; mittlerweile zum grantologischen Standardwerk geworden ist, hat sich Thomas Grasberger auch f\u00fcr den das Bayerische Fernsehen auf die&#8230;<\/p>\n","protected":false},"author":2,"featured_media":0,"parent":0,"menu_order":0,"comment_status":"closed","ping_status":"closed","template":"","meta":{"footnotes":""},"class_list":["post-14","page","type-page","status-publish","hentry"],"_links":{"self":[{"href":"https:\/\/thomasgrasberger.de\/index.php?rest_route=\/wp\/v2\/pages\/14","targetHints":{"allow":["GET"]}}],"collection":[{"href":"https:\/\/thomasgrasberger.de\/index.php?rest_route=\/wp\/v2\/pages"}],"about":[{"href":"https:\/\/thomasgrasberger.de\/index.php?rest_route=\/wp\/v2\/types\/page"}],"author":[{"embeddable":true,"href":"https:\/\/thomasgrasberger.de\/index.php?rest_route=\/wp\/v2\/users\/2"}],"replies":[{"embeddable":true,"href":"https:\/\/thomasgrasberger.de\/index.php?rest_route=%2Fwp%2Fv2%2Fcomments&post=14"}],"version-history":[{"count":9,"href":"https:\/\/thomasgrasberger.de\/index.php?rest_route=\/wp\/v2\/pages\/14\/revisions"}],"predecessor-version":[{"id":529,"href":"https:\/\/thomasgrasberger.de\/index.php?rest_route=\/wp\/v2\/pages\/14\/revisions\/529"}],"wp:attachment":[{"href":"https:\/\/thomasgrasberger.de\/index.php?rest_route=%2Fwp%2Fv2%2Fmedia&parent=14"}],"curies":[{"name":"wp","href":"https:\/\/api.w.org\/{rel}","templated":true}]}}