{"id":105,"date":"2021-01-19T14:51:50","date_gmt":"2021-01-19T14:51:50","guid":{"rendered":"https:\/\/thomasgrasberger.de\/?page_id=105"},"modified":"2025-08-21T14:07:52","modified_gmt":"2025-08-21T13:07:52","slug":"beitraege-zu-sozial-geschichte-bayerische-geschichte-fuer-den-bayerischen-rundfunk","status":"publish","type":"page","link":"https:\/\/thomasgrasberger.de\/?page_id=105","title":{"rendered":"Bayerische Geschichte \/ Sozialgeschichte \/ Politik"},"content":{"rendered":"\n<p>Die Beitr\u00e4ge aus den Bereichen Geschichte, Sozialgeschichte und bayerische Geschichte sowie Politik sind regelm\u00e4\u00dfig im Bayerischen Rundfunk auf Bayern 2 zu h\u00f6ren (radioWissen, Zeit f\u00fcr Bayern, Land und Leute und im Bayerischen Feuilleton).<\/p>\n\n\n\n<p>Viele dieser Sendungen sind als Podcasts in der <a href=\"https:\/\/www.ardaudiothek.de\/suche\/Thomas%20Grasberger\">ARD-Audiothek<\/a> abrufbar. <\/p>\n\n\n\n<ul class=\"wp-block-list\">\n<li>Servas Hellas! \u00dcber Bayern und Griechen (53 min)<\/li>\n\n\n\n<li>Sport ist Wort (55 min)<\/li>\n\n\n\n<li>Der Absturz von Luftschiff LZ 7 (22 min)<\/li>\n\n\n\n<li>TikTok, Rap und Stolpersteine \u2013 Gedenkarbeit 80 Jahre nach dem Kriegsende 1945 (53 min)\u00a0<\/li>\n\n\n\n<li>K\u00f6nig ohne M\u00e4rchen. Ludwig I von Bayern (53 min)<\/li>\n\n\n\n<li>Der gro\u00dfe Knall. Als das Schie\u00dfpulver im Mittelalter nah Europa kam (22 min)<\/li>\n\n\n\n<li>Die Macht der Erbs\u00fcnde. Historische Folgen einer Erz\u00e4hlung (22 min)<\/li>\n\n\n\n<li>Bayerischer Ministerpr\u00e4sident \u2013 Geschichte des \u201esch\u00f6nsten Amts der Welt\u201c? (22 min)<em>)<\/em><\/li>\n\n\n\n<li>R\u00e4uber, K\u00f6hler, Jagdgehilfen. Der Wald und seine Menschen (22 min)<\/li>\n\n\n\n<li>Bratwurst vor Gericht. Ein kulinarischer Prozess (53 min)<\/li>\n\n\n\n<li>Die Kunst der Sehens. Ja, da schau her! (53 min)<\/li>\n\n\n\n<li>Mittelgebirge und Ma\u00df. Eine Gratwanderung (53 min)<\/li>\n\n\n\n<li>Tief und schwarz. Bergbau in Bayern (53 min)<\/li>\n\n\n\n<li>Reliquienraub \u2013 Der unheilige Plan eines Bayernherzogs (25 min)<\/li>\n\n\n\n<li>Bayern im Mittelalter (24 min)<\/li>\n\n\n\n<li>Auf in den Westen! Mittelalterliche Reiternomaden (22 min)<\/li>\n\n\n\n<li>Herkunft der Bajuwaren. Neues zu einem alten R\u00e4tsel (22 min)<\/li>\n\n\n\n<li>Mord in der Villa. Ein mysteri\u00f6ser Kriminalfall aus dem Jahr 1951 (22 min)<\/li>\n\n\n\n<li>Missionar und B\u00e4renz\u00e4hmer. Korbinian und die Christianisierung Bayerns (22 min)<\/li>\n\n\n\n<li>Hunger nach Demokratie \u2013 Das Superwahljahr 1946 (22 min)<\/li>\n\n\n\n<li>Tassilo III. \u2013 Das Ende der Agilolfinger (22 min)<\/li>\n\n\n\n<li>Der sogenannte R\u00f6hm-Putsch \u2013 Hitlers Mordserie im Sommer 1934 (22 min)<\/li>\n\n\n\n<li>Magie. Der uralte Draht nach dr\u00fcben (22 min)<\/li>\n\n\n\n<li>Die Runde am Eckigen. Stammtische in Bayern (53 min)<\/li>\n\n\n\n<li>Der ganz normale Wohn-Sinn. Ein Halleluja f\u00fcr vier W\u00e4nde (53 min)<\/li>\n\n\n\n<li>Der Hitlerputsch 1923. Demokratie in Gefahr (53 min)<\/li>\n\n\n\n<li>V\u00f6lkermord. Wie versuchen Wissenschaftler den Genozid zu verhindern (22 min)<\/li>\n\n\n\n<li>Checkpoint Charlie (22 min)<\/li>\n\n\n\n<li>Der Limes \u2013 Die Au\u00dfenhaut des R\u00f6mischen Reiches (22 min)<\/li>\n\n\n\n<li>Blutiger Golf. Der Irak-Krieg 2003 und seine Folgen (22 min)<\/li>\n\n\n\n<li>Chinas rote Herrscher. Machthaber und Vordenker (22 min))<\/li>\n\n\n\n<li>Denker und Tyrannen. Verh\u00e4ngnisvolle Allianzen (22 min))<\/li>\n\n\n\n<li>Der globale S\u00fcden. Ein umstrittener Begriff (22 min)<\/li>\n\n\n\n<li>Der zweite Opiumkrieg. Chinas unvergessene Dem\u00fctigung durch Europa (22 min)<\/li>\n\n\n\n<li>Neues von \u00dcberall \u2013 Die Fuggerzeitungen 1568 bis 1605 (24 min)<\/li>\n\n\n\n<li>F\u00fcnf Ringe f\u00fcr M\u00fcnchen. Wie Olympia 72 Stadt und Land ver\u00e4ndert hat (24 min)<\/li>\n\n\n\n<li>Hauptstadt des Humors. H\u00f6rbach, sein Montagsbrettl und die j\u00fcngere bayerische Kabarettgeschichte seit den 1970ern (24 min)<\/li>\n\n\n\n<li>Was ist typisch Franken? Zur Er\u00f6ffnung der Bayerischen Landesausstellung 2022 (24 min)<\/li>\n\n\n\n<li>Bayerische Kraftpl\u00e4tze: Die Wolke (53 min)<\/li>\n\n\n\n<li>Der Arch\u00e4ologe Johann Joachim Winckelmann: F\u00fcr immer sch\u00f6n (22 min)<\/li>\n\n\n\n<li>Das fr\u00fche W\u00fcrzburg. Franken und die christliche Mission (22 min)<\/li>\n\n\n\n<li>Liberalismus ohne Illusionen. Die politische Philosophie der Judith N. Shklar (24 min)<\/li>\n\n\n\n<li>Vom Ende des Kalten Kriegs bis Nine Eleven. Die 1990er Jahre (22 min)<\/li>\n\n\n\n<li>Kalter Krieg: 50 Jahre Salt I \u2013 der Raketenabwehrvertrag und die Folgen (22 min)<\/li>\n\n\n\n<li>Die Gr\u00fcndung der GSG 9 \u2013 Antwort auf den Terror (22 min)<\/li>\n\n\n\n<li>Der Deutsche Herbst. Zwischen RAF und Rasterfahndung (22 min)<\/li>\n\n\n\n<li>Herkunft der Bajuwaren (22 min)<\/li>\n\n\n\n<li>Tassilo III. &#8211; Das Ende der Agilolfinger (22 min)<\/li>\n\n\n\n<li>Hunger nach Demokratie. Das Superwahljahr 1946 (22 min)<\/li>\n\n\n\n<li>Ein bayerisches Trauma: Reichsgr\u00fcndung (22 min)<\/li>\n\n\n\n<li>Abgestempelt. Ist Briefmarkensammeln von gestern? (25 min)<\/li>\n\n\n\n<li>Grant &#8211; Der Blues des S\u00fcdens (53&nbsp;min)<\/li>\n\n\n\n<li>Reliquien. Heilige Knochen (22 min)<\/li>\n\n\n\n<li>Das Judentum in Deutschland &#8211; Die Anf\u00e4nge (53 min)<\/li>\n\n\n\n<li>Bayern und \u00d6sterreich: Verfreundete Nachbarn (22 min)<\/li>\n\n\n\n<li>Nationalismus (22 min)<\/li>\n\n\n\n<li>Der Anfang der CSU (22 min)<\/li>\n\n\n\n<li>Ober\u00f6sterreichscher Bauernkrieg (22 min)<\/li>\n\n\n\n<li>Tod eines Fuhrknechts (22 min)<\/li>\n\n\n\n<li>Rechtsrutsch! Der Kapp-Putsch (24 min)<\/li>\n\n\n\n<li>Retter der Alpen. 100 Jahre Bergwacht (24 min)<\/li>\n\n\n\n<li>Bayerische Kraftpl\u00e4tze: Das Kanapee (55 min)<\/li>\n\n\n\n<li>Neues von \u00fcberall. Die Fuggerzeitungen (22 min)<\/li>\n\n\n\n<li>Neues zur Varusschlacht. Arch\u00e4ologen revidieren einen Mythos (22 min)<\/li>\n\n\n\n<li>Niederbayern-Straubing-Holland (22 min)<\/li>\n\n\n\n<li>Beginn des Sklavenhandels in Nordamerika (22 min)<\/li>\n\n\n\n<li>Traumkulissen. Die Bildwelten Ludwigs II. (22 min)<\/li>\n\n\n\n<li>Ungewollt schwanger um 1700: Katharina Hochstrasser (22 min)<\/li>\n\n\n\n<li>Asche auf des Gegners Haupt: Politischer Aschermittwoch in Bayern (12 min)<\/li>\n\n\n\n<li>Der K\u00f6nigsseufzer &#8211; 100 Jahre Monarchisten im Freistaat Bayern (22 min)<\/li>\n\n\n\n<li>Bayerische Passionen: Das Derblecken (53 min)<\/li>\n\n\n\n<li>Reliquienraub: Der unheilige Plan des Bayernherzogs (22 min)<\/li>\n\n\n\n<li>Das gro\u00dfe Stechen &#8211; Eine Kulturgeschichte des T\u00e4towierens in Bayern (55 min)<\/li>\n\n\n\n<li>Mein pers\u00f6nliches Museum f\u00fcr Bayerische Geschichte &#8211; Glosse (5 min)<\/li>\n\n\n\n<li>Wie werde ich Heiliger? Der steinige Weg zur Seligsprechung (22&nbsp;min)<\/li>\n\n\n\n<li>Auf geht&#8217;s! Die Kunst des aufrechten Gangs (53&nbsp;min)<\/li>\n\n\n\n<li>Ja, so san&#8217;s! Das Bild der Bayern (22&nbsp;min)<\/li>\n\n\n\n<li>Kupfer. Das Metall, das aus der Steinzeit herausf\u00fchrte (22&nbsp;min)<\/li>\n\n\n\n<li>Hundsbuam und Herzibopperl. Bayerische Kindheiten (53&nbsp;min)<\/li>\n\n\n\n<li>Bayerns W\u00e4lder. Von der Wildnis zum Forst (22&nbsp;min)<\/li>\n\n\n\n<li>Die Tabakpflanze &#8211; Gef\u00e4hrliche Verf\u00fchrerin (22&nbsp;min)<\/li>\n\n\n\n<li>Fremdenverkehr in Bayern. Klischee und Wirklichkeit (22&nbsp;min)<\/li>\n\n\n\n<li>200 Jahre Bayerische Verfassung (10&nbsp;min)<\/li>\n\n\n\n<li>\u00d6tzi &#8211; Die Gletschermumie vom Similaun (22&nbsp;min)<\/li>\n\n\n\n<li>Chronist einer verratenen Generation &#8211; Br\u00fccke-Autor Gregor Dorfmeister (24&nbsp;min)<\/li>\n\n\n\n<li>Preu\u00dfens Durchbruch &#8211; Schlacht von K\u00f6niggr\u00e4tz (22&nbsp;min)<\/li>\n\n\n\n<li>Die Andersdenkende &#8211; Rosa Luxemburg (20&nbsp;min)<\/li>\n\n\n\n<li>Bayerische Traumpaare: Ludwig Ganghofer und Ludwig Thoma (24&nbsp;min)<\/li>\n\n\n\n<li>Festtagsfreuden, Festtagsfrust &#8211; Die liebe Not mit der Weihnachtsharmonie (24&nbsp;min)<\/li>\n\n\n\n<li>Der zweite Tod des braunen Diktators &#8211; Warum Hitler offiziell erst 1956 gestorben ist (24&nbsp;min)<\/li>\n\n\n\n<li>Unter der G\u00fcrtellinie &#8211; Der M\u00fcnchner Badehosenskandal (24&nbsp;min)<\/li>\n\n\n\n<li>Der Schmied &#8211; Bayerische Berufungen und Instanzen (53&nbsp;min)<\/li>\n\n\n\n<li>Trau Dich! Ehegeschichten aus Bayern (53&nbsp;min)<\/li>\n\n\n\n<li>Auf und nieder! M\u00fcnchen und seine Hochh\u00e4user (24&nbsp;min)<\/li>\n\n\n\n<li>Genial oder museal? Die Kunststadt M\u00fcnchen einst und heute (53&nbsp;min)<\/li>\n\n\n\n<li>Die Bayern in Napoleons Russlandfeldzug. Das Ende einer Armee (20&nbsp;min)<\/li>\n\n\n\n<li>Montgelas. Wie Bayern zum modernen Staat wurde (20&nbsp;min)<\/li>\n\n\n\n<li>Der Wiener Kongress &#8211; Restauration statt Fortschritt? (20&nbsp;min)<\/li>\n\n\n\n<li>Links, bairisch, frei! Das kurze Leben des Anarchisten Ferdinand Huber(30&nbsp;min)<\/li>\n\n\n\n<li>Alte Kameraden, offene Rechnungen. Der &#8222;R\u00f6hm-Putsch&#8220; und sein Widerhall in der bayerischen Provinz (30&nbsp;min)<\/li>\n\n\n\n<li>Vom Tanz der Nymphen und dem Baden der W\u00fcrmer. \u00dcber die Faszination des Fischens in Bayern (60&nbsp;min)<\/li>\n\n\n\n<li>Die Hinrichtung des Stefan Duda (6&nbsp;min)<\/li>\n\n\n\n<li>Zenz meets Franz. Der Stenz auf der Stanz (30&nbsp;min)<\/li>\n\n\n\n<li>Los von Bayern. Die pf\u00e4lzischen Separatisten und die Autonome Pfalz 1923\/24 (30&nbsp;min)<\/li>\n\n\n\n<li>Sechs aus Neunundvierzig. Bayerische Lotteriegeschichte(n) (60&nbsp;min)<\/li>\n\n\n\n<li>Traum oder Alptraum? Was w\u00e4re, wenn Bayern wieder selbstst\u00e4ndig w\u00fcrde (60&nbsp;min)<\/li>\n\n\n\n<li>Der Imp. \u00dcber Bienen in Bayern (60&nbsp;min)<\/li>\n\n\n\n<li>Freiheit auf zwei R\u00e4dern. Radlergeschten aus Bayern (60&nbsp;min)<\/li>\n\n\n\n<li>Das Ged\u00e4chtnis Bayerns. Eine Recherche in Archiven (60&nbsp;min)<\/li>\n\n\n\n<li>Verschw\u00f6rer im Namen der Freiheit. Die Illuminaten in Bayern (60&nbsp;min)<\/li>\n\n\n\n<li>Die Adolf-Bleibtreu-Aff\u00e4re. Eine Feuerprobe der deutschen Demokratie (30&nbsp;min)<\/li>\n\n\n\n<li>Auf der A9 in die Bronzezeit &#8211; Eine sagenumwobene Fernstra\u00dfe in Bayern (60&nbsp;min)<\/li>\n\n\n\n<li>Die Augsburger Krawalle &#8211; Wie ein Maurerstreik 1899 zur Machtprobe wurde (30&nbsp;min)<\/li>\n\n\n\n<li>Rote Rosa, Schwarze Madonna. Alt\u00f6ttinger Recherchen. (30&nbsp;min)<\/li>\n\n\n\n<li>Ein lahmer Gaul. \u00dcber die Krise des Trabrennsports in Bayern (60&nbsp;min)<\/li>\n\n\n\n<li>Taler, Taler, du musst wandern &#8211; \u00fcber Tauschringe und alternative W\u00e4hrungen (60&nbsp;min)<\/li>\n\n\n\n<li>Fair Trade (60&nbsp;min)<\/li>\n\n\n\n<li>Wie die L\u00e4use Napoleon besiegten. Bayerische Soldaten im Russlandfeldzug (30&nbsp;min)<\/li>\n\n\n\n<li>Der Tod aus der Blaus\u00e4ure-Pistole. Wie der KGB im Deutschland der F\u00fcnfziger Jahre politische Gegner beseitigte (30&nbsp;min)<\/li>\n\n\n\n<li>Macht, Moral und Medien. Kapfinger versus Friedmann &#8211; Ein Verlegerkrieg der fr\u00fchen 1960-er Jahre (30 &nbsp;min)<\/li>\n\n\n\n<li>Revolution und Rehragout. Ein Kommentar<\/li>\n\n\n\n<li>Rien ne va plus \u2013 Joseph Baumgartner, die Spielbankenaff\u00e4re und das Ende der Bayernpartei (30&nbsp;min)<\/li>\n\n\n\n<li>Der Geburtsschein der SPD (Kurzbeitrag)<\/li>\n\n\n\n<li>Der fr\u00e4nkische Don Camillo. Bayerns erste Wahlk\u00e4mpfe nach 1945 (30&nbsp;min)<\/li>\n\n\n\n<li>Die Klosterroute. Wie bayerische Kapuziner 1945 den slowakischen Pr\u00e4sidenten Josef Tiso versteckten (30&nbsp;min)<br>Sudetendeutsche Landsmannschaft wird 60 (Kurzbeitrag)<\/li>\n\n\n\n<li>Wei\u00dfer Terror \u2013 Massaker in der M\u00fcnchner Maxvorstadt 1919<br>1848 &#8211; die Revolution, die nicht stattfand (30&nbsp;min)<\/li>\n\n\n\n<li>Ins Fabellland mit der Waffe in der Hand. Bayerische Soldaten beim Boxeraufstand in China (30&nbsp;min)<\/li>\n\n\n\n<li>Bayerische Traumpaare: Hopfen und Malz (60&nbsp;min)<\/li>\n\n\n\n<li>Ochsen! Eine Tour (60&nbsp;min)<\/li>\n\n\n\n<li>150 Jahre Wei\u00dfwurst. Biografie einer bayerischen K\u00f6nigin (60&nbsp;min)<\/li>\n\n\n\n<li>Die Zeitreisenden. Wenn Menschen Geschichte nachspielen. (60&nbsp;min)<\/li>\n\n\n\n<li>Theoderich der Gro\u00dfe und die Goten. Im Zeichen des Adlers. (60&nbsp;min)<\/li>\n\n\n\n<li>Antike M\u00fcnzen &#8211; Das Schl\u00fcsselloch in die Vergangenheit (20&nbsp;min)<\/li>\n\n\n\n<li>Von dr\u00fcben. Lebensgeschichten von Ostdeutschen im Westen (60&nbsp;min)<\/li>\n\n\n\n<li>Wir wollten nur ein Jahr bleiben &#8211; Ausl\u00e4nder in Deutschland (60&nbsp;min)<\/li>\n\n\n\n<li>Sendlinger Mordweihnacht &#8211; der Volksaufstand von 1705 (60&nbsp;min)<\/li>\n\n\n\n<li>Der Geist von Gammelsdorf &#8211; Bayerische Patrioten und K\u00f6nigstreue (60&nbsp;min)<\/li>\n\n\n\n<li>Das Braunauer Parlament &#8211; Eine Stadt auf der Suche nach einer anderen Vergangenheit: (30&nbsp;min)<\/li>\n\n\n\n<li>\u00dcber das Raufen &#8211; Kleine Kulturgeschichte der K\u00f6rperverletzung in Bayern (60&nbsp;min)<\/li>\n\n\n\n<li>Die Steinhauer im Bayerischen Wald (30&nbsp;min)<\/li>\n\n\n\n<li>Kulturgeschichte des Schnupftabaks (60&nbsp;min)<\/li>\n\n\n\n<li>Lotussitz in Lederhosen \u2013 \u00dcber den Buddhismus in Bayern (60&nbsp;min)<\/li>\n\n\n\n<li>Die Anf\u00e4nge des Naturschutzes in Bayern (30&nbsp;min)<\/li>\n\n\n\n<li>Der spanische B\u00fcrgerkrieg. Testlauf f\u00fcr den Zweiten Weltkrieg (20&nbsp;min)<\/li>\n\n\n\n<li>Proband in Phase 1 \u2013 \u00dcber Arzneimitteltests und ihre Risiken (28&nbsp;min)<\/li>\n\n\n\n<li>Konsum und Lebensstile im Wandel. Die 1960-er Jahre (60&nbsp;min)<\/li>\n<\/ul>\n","protected":false},"excerpt":{"rendered":"<p>Die Beitr\u00e4ge aus den Bereichen Geschichte, Sozialgeschichte und bayerische Geschichte sowie Politik sind regelm\u00e4\u00dfig im Bayerischen Rundfunk auf Bayern 2 zu h\u00f6ren (radioWissen, Zeit f\u00fcr Bayern, Land und Leute und im Bayerischen Feuilleton). Viele dieser&#8230;<\/p>\n","protected":false},"author":2,"featured_media":0,"parent":12,"menu_order":0,"comment_status":"closed","ping_status":"closed","template":"","meta":{"footnotes":""},"class_list":["post-105","page","type-page","status-publish","hentry"],"_links":{"self":[{"href":"https:\/\/thomasgrasberger.de\/index.php?rest_route=\/wp\/v2\/pages\/105","targetHints":{"allow":["GET"]}}],"collection":[{"href":"https:\/\/thomasgrasberger.de\/index.php?rest_route=\/wp\/v2\/pages"}],"about":[{"href":"https:\/\/thomasgrasberger.de\/index.php?rest_route=\/wp\/v2\/types\/page"}],"author":[{"embeddable":true,"href":"https:\/\/thomasgrasberger.de\/index.php?rest_route=\/wp\/v2\/users\/2"}],"replies":[{"embeddable":true,"href":"https:\/\/thomasgrasberger.de\/index.php?rest_route=%2Fwp%2Fv2%2Fcomments&post=105"}],"version-history":[{"count":22,"href":"https:\/\/thomasgrasberger.de\/index.php?rest_route=\/wp\/v2\/pages\/105\/revisions"}],"predecessor-version":[{"id":538,"href":"https:\/\/thomasgrasberger.de\/index.php?rest_route=\/wp\/v2\/pages\/105\/revisions\/538"}],"up":[{"embeddable":true,"href":"https:\/\/thomasgrasberger.de\/index.php?rest_route=\/wp\/v2\/pages\/12"}],"wp:attachment":[{"href":"https:\/\/thomasgrasberger.de\/index.php?rest_route=%2Fwp%2Fv2%2Fmedia&parent=105"}],"curies":[{"name":"wp","href":"https:\/\/api.w.org\/{rel}","templated":true}]}}