{"id":103,"date":"2021-01-19T14:50:23","date_gmt":"2021-01-19T14:50:23","guid":{"rendered":"https:\/\/thomasgrasberger.de\/?page_id=103"},"modified":"2021-03-22T11:28:09","modified_gmt":"2021-03-22T10:28:09","slug":"radioreisen-reportagen-fuer-den-bayerischen-rundfunk","status":"publish","type":"page","link":"https:\/\/thomasgrasberger.de\/?page_id=103","title":{"rendered":"Radioreisen"},"content":{"rendered":"\n<p>Die Reisereportagen f\u00fcr den Bayerischen Rundfunk sind in der Sendereihe radioReisen auf Bayern 2 zu h\u00f6ren.<\/p>\n\n\n\n<ul class=\"wp-block-list\"><li>Reisegeschichten vom Mont-Saint-Michel, aus Burgund und Verdun<\/li><li>Die Schlachtfelder von Verdun<\/li><li>Geheime G\u00e4rten in der Toskana: Daniel Spoerris Skulpturengarten<\/li><li>Eine Vater-Sohn-Wanderung von M\u00fcnchen nach Prag<\/li><li>Rumgeschichten aus Flensburg<\/li><li>Wien von unten<\/li><li>Wiener W\u00fcrstlstand<\/li><li>Die letzten Kap-Hoorn-Segler<\/li><li>Leben wie die Wikinger in Haithabu<\/li><li>Loireschl\u00f6sser<\/li><li>Canterbury &#8211; Die Mutter aller Wallfahrten<\/li><li>Achtung an Gleis eins: Eisenbahn-Reisen in England<\/li><li>Adria-Nostalgie<\/li><li>Die Isonzo-Front<\/li><li>Das Schlosstheater im B\u00f6hmischen Krumau<\/li><li>B\u00f6hmische B\u00e4der<\/li><li>Das Trappistenbier aus Orval<\/li><li>Camden Market in London<\/li><li>Stadtportr\u00e4t Triest (60\u00a0min)<\/li><li>Millst\u00e4tter See<\/li><li>Venedig mit Kindern<\/li><li>Ostpreu\u00dfen\/Masuren<\/li><li>Kaschubische, Fr\u00e4nkische, B\u00f6hmische und S\u00e4chsische Schweiz<\/li><li>Lutheraner am Lateran. Protestantisches Leben in Rom (30\u00a0min)<\/li><li>Das Europa der Alten. Deutsche Sozialverb\u00e4nde bauen Pflegeheime in Polen (30\u00a0min)<\/li><li>Am Ende der Welt, im Herzen Europas. Drei Jahre nach der orangefarbenen Revolution sucht die Ukraine weiter nach ihrer Identit\u00e4t (30\u00a0min)<\/li><\/ul>\n","protected":false},"excerpt":{"rendered":"<p>Die Reisereportagen f\u00fcr den Bayerischen Rundfunk sind in der Sendereihe radioReisen auf Bayern 2 zu h\u00f6ren. Reisegeschichten vom Mont-Saint-Michel, aus Burgund und Verdun Die Schlachtfelder von Verdun Geheime G\u00e4rten in der Toskana: Daniel Spoerris Skulpturengarten&#8230;<\/p>\n","protected":false},"author":2,"featured_media":0,"parent":12,"menu_order":0,"comment_status":"closed","ping_status":"closed","template":"","meta":{"footnotes":""},"class_list":["post-103","page","type-page","status-publish","hentry"],"_links":{"self":[{"href":"https:\/\/thomasgrasberger.de\/index.php?rest_route=\/wp\/v2\/pages\/103","targetHints":{"allow":["GET"]}}],"collection":[{"href":"https:\/\/thomasgrasberger.de\/index.php?rest_route=\/wp\/v2\/pages"}],"about":[{"href":"https:\/\/thomasgrasberger.de\/index.php?rest_route=\/wp\/v2\/types\/page"}],"author":[{"embeddable":true,"href":"https:\/\/thomasgrasberger.de\/index.php?rest_route=\/wp\/v2\/users\/2"}],"replies":[{"embeddable":true,"href":"https:\/\/thomasgrasberger.de\/index.php?rest_route=%2Fwp%2Fv2%2Fcomments&post=103"}],"version-history":[{"count":7,"href":"https:\/\/thomasgrasberger.de\/index.php?rest_route=\/wp\/v2\/pages\/103\/revisions"}],"predecessor-version":[{"id":425,"href":"https:\/\/thomasgrasberger.de\/index.php?rest_route=\/wp\/v2\/pages\/103\/revisions\/425"}],"up":[{"embeddable":true,"href":"https:\/\/thomasgrasberger.de\/index.php?rest_route=\/wp\/v2\/pages\/12"}],"wp:attachment":[{"href":"https:\/\/thomasgrasberger.de\/index.php?rest_route=%2Fwp%2Fv2%2Fmedia&parent=103"}],"curies":[{"name":"wp","href":"https:\/\/api.w.org\/{rel}","templated":true}]}}