{"id":101,"date":"2021-01-19T14:49:18","date_gmt":"2021-01-19T14:49:18","guid":{"rendered":"https:\/\/thomasgrasberger.de\/?page_id=101"},"modified":"2025-08-21T14:20:13","modified_gmt":"2025-08-21T13:20:13","slug":"kalenderblaetter-fuer-den-bayerischen-rundfunk","status":"publish","type":"page","link":"https:\/\/thomasgrasberger.de\/?page_id=101","title":{"rendered":"Kalenderbl\u00e4tter"},"content":{"rendered":"\n<p>Die Kalenderbl\u00e4tter des Bayerischen Rundfunks sind von Montag bis Freitag jeweils um 9.50 h auf Bayern 2 zu h\u00f6ren.<\/p>\n\n\n\n<ul class=\"wp-block-list\">\n<li>Der erste Mensch steigt in die L\u00fcfte (15.10.1783)<\/li>\n\n\n\n<li>Letzte Folge der ARD-Show &#8222;Einer wird gewinnen&#8220; (21.11.1987)<\/li>\n\n\n\n<li>Testament von Kaiser Augustus er\u00f6ffnet (18.9.14)<\/li>\n\n\n\n<li>Die Konservendose wird patentiert (25.8.1810)<\/li>\n\n\n\n<li>Der Stern stellt Hitlers Tageb\u00fccher vor (25.4.1983)<\/li>\n\n\n\n<li>Moli\u00e8res betrogener Ehemann &#8222;Georges Dandin&#8220; wird aufgef\u00fchrt (18.7.1668)<\/li>\n\n\n\n<li>Problemb\u00e4r Bruno wird erschossen (26.6.3006)<\/li>\n\n\n\n<li>H\u00f6chster Kirchturm Europas st\u00fcrzt ein (30.4.1573)<\/li>\n\n\n\n<li>Kaiser Karl IV hat 23 Kapitel fertig, Keiserliches Rechtsbuch (10.1.1356)<\/li>\n\n\n\n<li>Erster Weltmettbr\u00f6tchentag (14.2.2018)<\/li>\n\n\n\n<li>Radfahrer Robert Marchand stellt Rekord auf in der Altersklasse \u201e105+&#8220; (4.1.2017)<\/li>\n\n\n\n<li>Erster Skilift der Welt er\u00f6ffnet (14.2.1908)<\/li>\n\n\n\n<li>Kaiser Marc Aurel l\u00e4sst Mitkaiser ernennen (7.3.161)<\/li>\n\n\n\n<li>Erstes L\u00e4nderspiel der deutschen Fu\u00dfballnationalmannschaft (5.4.1908)<\/li>\n\n\n\n<li>Pfalzsender in Kaiserslautern er\u00f6ffnet mit Programm aus M\u00fcnchen (1.5.1928)<\/li>\n\n\n\n<li>Der Monumentalfilm \u201eCleopatra\u201c uraufgef\u00fchrt (12.6.1963)<\/li>\n\n\n\n<li>Wyndham Halswelle gewinnt Geisterrennen, Olympiasieger (25.7.1908)<\/li>\n\n\n\n<li>Die Kaiserin Elisabeth-Bahn wird feierlich er\u00f6ffnet&nbsp;(12.8.1860)<\/li>\n\n\n\n<li>Geburtsstunde des Skatspiels (4.9.1813)<\/li>\n\n\n\n<li>Aufruf an das Volk der Herero (2.10.1904)<\/li>\n\n\n\n<li>Bergenbanen nimmt Fahrt auf (<em>28.<\/em>11.1909)<\/li>\n\n\n\n<li>Robert Gernhardt erh\u00e4lt Heinrich-Heine-Preis (13.12.2004)<\/li>\n\n\n\n<li>Wolfratshauser Fr\u00fchst\u00fcck (11.1.2002)<\/li>\n\n\n\n<li>Botticelli verbrennt eigene Bilder (7.2.1497<em>)<\/em><\/li>\n\n\n\n<li>Fu\u00dfspuren des Teufels \u00e4ngstigen die Menschen von Devon (9.2.1855)<\/li>\n\n\n\n<li>Edvard Munchs Gem\u00e4lde aus norwegischem Hotel gestohlen (6.3.2005<em>)<\/em><\/li>\n\n\n\n<li>Welt-Cannabis-Tag (20.4.1971)<\/li>\n\n\n\n<li>STERN stellt Hitlers Tageb\u00fccher vor (25.04.1983)<\/li>\n\n\n\n<li>Robert the Bruce schl\u00e4gt das englische Heer bei Bannockburn (23.6.1314)<\/li>\n\n\n\n<li>Das gro\u00dfe Eszett (\u1e9e) wird amtlich (29.6.2017)<\/li>\n\n\n\n<li>1. World Games beginnen in Santa Clara, nichtolympische Disziplinen (24.7.1981)<\/li>\n\n\n\n<li>Robert Fulton pr\u00e4sentiert Napoleon ein Dampfschiff (9.8.1803)<\/li>\n\n\n\n<li>Die Frankfurter Zeitung darf nicht mehr erscheinen (31.8.1943)<\/li>\n\n\n\n<li>Erste Folge der Fernsehserie \u201eBonanza\u201c (12.9.1959)<\/li>\n\n\n\n<li>Zar Alexander II. und Napol\u00e9on III. auf Cannstatter Volksfest (28.9.1857)<\/li>\n\n\n\n<li>Erste Trainerentlassung der Bundesliga&nbsp;(30.10.1963)<\/li>\n\n\n\n<li>Klaus Fischer erzielt Fu\u00dfballtor des Jahrhunderts&nbsp;(16.11.1977)<\/li>\n\n\n\n<li>Mozart wird Freimaurer (14.12.1784)<\/li>\n\n\n\n<li>Fu\u00dfspuren des Teufels (9.2.1855)<\/li>\n\n\n\n<li>In Deutschland wird zum ersten Mal mit einem mobilen Radarger\u00e4t geblitzt (15.2.1959)<\/li>\n\n\n\n<li>Jacob Schick bringt ersten Elektrorasierer (18.3.1931)<\/li>\n\n\n\n<li>Reichskrone kommt als Fischtransport nach N\u00fcrnberg (22.3.1424)<\/li>\n\n\n\n<li>Mussolini weiht Cinecitta ein (28.4.1937)<\/li>\n\n\n\n<li>Henry Royce und Charles Rolles sch\u00fctteln sich die Hand (4.5.1904)<\/li>\n\n\n\n<li>Dem Franzosen Marco Siffredi gelingt die erste Snowboard-Abfahrt vom Mount Everest (23.5.2001)<\/li>\n\n\n\n<li>Polizeiruf 110 startet (27.6.1971)<\/li>\n\n\n\n<li>In Deutschland erscheint das erste Telefonbuch (14.7.1881)<\/li>\n\n\n\n<li>Erste Blues-Aufnahme einer schwarzen K\u00fcnstlerin (10.8.1920)<\/li>\n\n\n\n<li>Cicero beschimpft Marc Anton als L\u00fcstling (2.9.44 v. Chr.)<\/li>\n\n\n\n<li>Der Grundstein f\u00fcr den Bau der Walhalla wird gelegt (18.10.1830)<\/li>\n\n\n\n<li>Mehrere Wetterdienste schlie\u00dfen sich zum DWD zusammen (11.11.1952)<\/li>\n\n\n\n<li>Erster Kaufnix-Tag (28.11.1992)<\/li>\n\n\n\n<li>B\u00fcrger-S\u00e4nger-Zunft M\u00fcnchen pr\u00e4sentiert die Bayernhymne (15.12.1860)<\/li>\n\n\n\n<li>Aldo Pedro Poy und das gr\u00f6\u00dfte Tor aller Zeiten (19.12.1971)<\/li>\n\n\n\n<li>\u201eAmt f\u00fcr Sch\u00f6nheit der Arbeit\u201c gegr\u00fcndet (27.11.1933)<\/li>\n\n\n\n<li>101 Bierbrauer schlie\u00dfen sich in Hamburg zur sogenannten Feuergilde zusammen (3.12.1591)<\/li>\n\n\n\n<li>Der Schweizer Jacob Fahrni meldet einen als Motorm\u00e4her konzipierten Balkenm\u00e4her zum Patent an (12.1.1922) <\/li>\n\n\n\n<li>\u201eDetektiv Rockford \u2013 Anruf gen\u00fcgt\u201c startet in Deutschland (11.3.1976)<\/li>\n\n\n\n<li>Sir Francis Drake \u201eversengt den Bart des spanischen K\u00f6nigs\u201c (19.4.1587)<\/li>\n\n\n\n<li>Daniel Defoes \u201eRobinson Crusoe\u201d erscheint (6.5.1719)<\/li>\n\n\n\n<li>Der erste \u201eTatort\u201c mit Schimanski (28.6.1981)<\/li>\n\n\n\n<li>Erster Zug\u00fcberfall im Westen der USA (21.7.1873)<\/li>\n\n\n\n<li>Der Untergang von Pompeji (24.8.79)<\/li>\n\n\n\n<li>Edwin L. Drake st\u00f6\u00dft auf Erd\u00f6l (27.8.1859)<\/li>\n\n\n\n<li>Zwei deutsche Erfinder entwickeln die Chipkarte&nbsp;(13.9.1968)<\/li>\n\n\n\n<li>Familie Bacardi wird enteignet (14.10.1960)<\/li>\n\n\n\n<li>Berliner Oberturnwart legt Regeln f\u00fcr das von ihm erfundene Handballspiel fest (29.10.1917)<\/li>\n\n\n\n<li>Erstes Mathematikmuseum<strong> <\/strong>der Welt in Gie\u00dfen er\u00f6ffnet (19.11.2002)<\/li>\n\n\n\n<li>Billy the Kid wird festgenommen (23.12.1880)<\/li>\n\n\n\n<li>In Deutschland wird zum ersten Mal mit einem mobilen Radarger\u00e4t geblitzt (15.2.1959)<\/li>\n\n\n\n<li>Br\u00fcder Sass brechen in den Tresorraum der Berliner Diskontobank ein &#8211; 27.1.2020<\/li>\n\n\n\n<li>Erstes Rettungsboot getestet &#8211; 30.1.2020<\/li>\n\n\n\n<li>Alan Shepard spielt Golf auf dem Mond &#8211; 6.2.2020<\/li>\n\n\n\n<li>H\u00f6chster Sieg in der Geschichte der Bundesliga &#8211; 29.4.2020<\/li>\n\n\n\n<li>Denkmal des Bundes Deutscher Radfahrer eingeweiht &#8211; 17.6.2020<\/li>\n\n\n\n<li>Die Serie Dallas startet in Deutschland &#8211; 30.6.2020<\/li>\n\n\n\n<li>Der Untergang von Pompeji &#8211; 24.8.2020<\/li>\n\n\n\n<li>Auto dient erstmals zur Flucht nach einem Einbruch &#8211; 27.10.2020<\/li>\n\n\n\n<li>Spion Alfred Frenzel verhaftet &#8211; 28.10.2020<\/li>\n\n\n\n<li>Berliner Oberturnwart legt Regeln f\u00fcr das von ihm erfundene Handballspiel fest &#8211; 29.10.2020<\/li>\n\n\n\n<li>Erstes Mathematikum in Gie\u00dfen er\u00f6ffnet &#8211; 19.11.2020<\/li>\n\n\n\n<li>Gr\u00fcndung des Seti Instituts zur Suche nach au\u00dferirdischem Leben &#8211; 20.11.2020<\/li>\n\n\n\n<li>Amt f\u00fcr Sch\u00f6nheit der Arbeit gegr\u00fcndet &#8211; 27.1.2020<\/li>\n\n\n\n<li>101 Bierbrauer schlie\u00dfen sich zur Feuergilde zusammen &#8211; 3.12.2019<\/li>\n\n\n\n<li>Winnetou startet &#8211; 11.12.2020<\/li>\n\n\n\n<li>Goldrausch in Kalifornien &#8211; 24.1.2019<\/li>\n\n\n\n<li>Erstes Rettungsboot getestet- 30.1.2019<\/li>\n\n\n\n<li>Erster Mensch in der Antarktis &#8211; 7.2.2019<\/li>\n\n\n\n<li>Beatles nehmen &#8222;Please me do&#8220; auf &#8211; 11.2.2019<\/li>\n\n\n\n<li>Konstantin erkl\u00e4rt Sonntag zum Feiertag &#8211; 7.3.2019<\/li>\n\n\n\n<li>Der langweiligste Tag des 20. Jahrhunderts &#8211; 11.4.2019<\/li>\n\n\n\n<li>Hitlers Tageb\u00fccher &#8211; 25.4.2019<\/li>\n\n\n\n<li>Erdinger Moos &#8211; 17.5.2019<\/li>\n\n\n\n<li>ARD strahlt erstmals die Sportschau aus &#8211; 4.6.2019<\/li>\n\n\n\n<li>Schweizer Taschenmesser &#8211; 12.6.2019<\/li>\n\n\n\n<li>Weltweit erstes Kernspaltungskraftwerk produziert Strom &#8211; 27.6.2019<\/li>\n\n\n\n<li>Hitchcocks &#8222;Der unsichtbare Dritte&#8220; wird uraufgef\u00fchrt &#8211; 6.8.2019<\/li>\n\n\n\n<li>Robert Fulton pr\u00e4sentiert Napoleon ein Dampfschiff &#8211; 9.8.2019<\/li>\n\n\n\n<li>Profis bei Olympia &#8211; 17.9.2019<\/li>\n\n\n\n<li>Bau des M\u00fcnchner Hofbr\u00e4uhauses &#8211; 27.9.2019<\/li>\n\n\n\n<li>Orson Wells &#8222;Krieg der Welten&#8220; &#8211; 30.10.2019<\/li>\n\n\n\n<li>Google Earth l\u00f6scht Sandy Islands &#8211; 26.11.2019<\/li>\n\n\n\n<li>Erster &#8222;Kauf-Nix-Tag&#8220; &#8211; 28.11.2019<\/li>\n\n\n\n<li>Muhammad Alis letzter Kampf &#8211; 11.12.2019<\/li>\n\n\n\n<li>Aldo Pedro Poy und das gr\u00f6\u00dfte Tor aller Zeiten &#8211; 19.12.2018<\/li>\n\n\n\n<li>Paul Cornu gelingt erster Flug mit dem &#8222;Fliegenden Fahrrad&#8220; &#8211; 13.11.2018<\/li>\n\n\n\n<li>Erster Fu\u00dfballverein der Welt gegr\u00fcndet &#8211; 24.10.2018<\/li>\n\n\n\n<li>Verbot f\u00fcr Elfenbeinhandel beschlossen &#8211; 17.10.2018<\/li>\n\n\n\n<li>Fu\u00dfball-Pleite \u00d6sterreich gegen F\u00e4r\u00f6er-Inseln &#8211; 12.09.2018<\/li>\n\n\n\n<li>George Orwells &#8222;Animal Farm&#8220; erscheint &#8211; 17.08.2018<\/li>\n\n\n\n<li>Bill Hickok wird zu Wild Bill &#8211; 12.07.2018<\/li>\n\n\n\n<li>Spielkartensteuer im Deutschen Reich eingef\u00fchrt &#8211; 03.07.2018<\/li>\n\n\n\n<li>Premiere f\u00fcr Spielfilm &#8222;Moby Dick&#8220; &#8211; 27.06.2018<\/li>\n\n\n\n<li>Das Schweizer Taschenmesser wird als Handelsmarke gesch\u00fctzt &#8211; 12.06.2018<\/li>\n\n\n\n<li>Al Capone wird ins Bundesgef\u00e4ngnis nach Atlanta \u00fcberstellt &#8211; 04.05.2018<\/li>\n\n\n\n<li>&#8222;Die Elf Scharfrichter&#8220; treten erstmals auf &#8211; 13.04.2018<\/li>\n\n\n\n<li>Reichskrone kommt als Fischtransport getarnt nach N\u00fcrnberg &#8211; 22.03.2018<\/li>\n\n\n\n<li>Fu\u00dfspuren des Teufels \u00e4ngstigen die Menschen von Devon &#8211; 09.02.2018<\/li>\n\n\n\n<li>Alan Shepard spielt Golf auf dem Mond &#8211; 06.02.2018<\/li>\n\n\n\n<li>Erstes Rettungsboot getestet &#8211; 30.01.2018<\/li>\n\n\n\n<li>Deutschland und China unterzeichnen Vertrag zum Transrapid &#8211; 22.01.2018<\/li>\n\n\n\n<li>Die Serie &#8222;Daktari&#8220; l\u00e4uft zum ersten Mal im Fernsehen &#8211; 11.01.2018<\/li>\n\n\n\n<li>ET &#8211; Der Au\u00dferirdische &#8211; 20.12.2016<\/li>\n\n\n\n<li>Der Grundstein zum Wei\u00dfen Haus wird gelegt &#8211; 13.10.2016<\/li>\n\n\n\n<li>Bau des M\u00fcnchner Hofbr\u00e4uhauses beginnt &#8211; 27.9.2016<\/li>\n\n\n\n<li>Robert Fulton pr\u00e4sentiert Napoleon ein Dampfschiff &#8211; 9.8.2016<\/li>\n\n\n\n<li>Serie Dallas startet in Deutschland &#8211; 30.6.2016<\/li>\n\n\n\n<li>William Painter meldet Patent auf Kronkorken an &#8211; 19.5.2016<\/li>\n\n\n\n<li>&#8222;Die Elf Scharfrichter&#8220; treten erstmals auf &#8211; 13.4.2016<\/li>\n\n\n\n<li>Gef\u00e4ngnis Alcatraz geschlossen &#8211; 21.3.2016<\/li>\n\n\n\n<li>In New York startet das Gro\u00dfe Rennen rund um die Welt nach Paris &#8211; 12.02.2016<\/li>\n\n\n\n<li>Deutschland und China unterzeichnen Vertrag zum Transrapid &#8211; 22.01.2016<\/li>\n\n\n\n<li>Bayerische Verfassung tritt in Kraft &#8211; 8.12.2014<\/li>\n\n\n\n<li>Spion Alfred Frenzel verhaftet &#8211; 28.10.2014<\/li>\n\n\n\n<li>Elfenbeinhandel &#8211; 17.10.2014<\/li>\n\n\n\n<li>Kleopatra gestorben &#8211; 12.8.2014<\/li>\n\n\n\n<li>Entdecker von &#8222;Murphys Gesetz&#8220; stirbt &#8211; 17.7.2014<\/li>\n\n\n\n<li>\u00c4ltester Fu\u00dfballclub Deutschlands gegr\u00fcndet &#8211; 15.4.2014<\/li>\n\n\n\n<li>Alan Shepard spielt Golf auf dem Mond &#8211; 6.2.2014<\/li>\n\n\n\n<li>Der &#8222;Freistaat Flaschenhals&#8220; entsteht &#8211; 10.1.2014<\/li>\n\n\n\n<li>Flugungl\u00fcck mit Manchester United-Spielern &#8211; 6.6.2013<\/li>\n\n\n\n<li>Hillary und Norgay besteigen Mount Everest &#8211; 29.5.1013<\/li>\n\n\n\n<li>Komitee f\u00fcr unamerikanische Umtriebe etabliert &#8211; 3.1.2013<\/li>\n\n\n\n<li>Aktion Rose wird vorbereitet &#8211; 2.1.2013<\/li>\n\n\n\n<li>Die &#8222;Dolchsto\u00dflegende&#8220; kommt in die Welt &#8211; 17.12.2012<\/li>\n\n\n\n<li>Hyperinflation in Deutschland &#8211; 19.11.2012<\/li>\n\n\n\n<li>Comic &#8222;Tobias Seicherl&#8220; erscheint erstmals &#8211; 5.10.2012<\/li>\n\n\n\n<li>Kurt Tucholskys Aussage &#8222;Soldaten sind M\u00f6rder&#8220; erscheint in &#8222;Die Weltb\u00fchne&#8220; &#8211; 4.8.2010<\/li>\n\n\n\n<li>Felix Graf Luckner geboren &#8211; 9.6.2010<\/li>\n\n\n\n<li>Australische Steinmetze erk\u00e4mpfen den weltweit ersten Acht-Stunden-Tag &#8211; 21.4.2010<\/li>\n\n\n\n<li>In Washington D.C. wird der Grundstein f\u00fcr das Vietnam-Veterans-Memorial gelegt &#8211; 26.3.2010<\/li>\n\n\n\n<li>Der Norweger Trygve Lie tritt sein Amt als erster Generalsekret\u00e4r der Vereinten Nationen an &#8211; 1.2.2010<\/li>\n\n\n\n<li>Kabinettsorder zur Aufhebung nichtst\u00e4ndischer Kl\u00f6ster in Bayern &#8211; 25.1.2010<\/li>\n\n\n\n<li>Konvention \u00fcber die Verh\u00fctung und Bestrafung des V\u00f6lkermordes &#8211; 9.12.2009<\/li>\n\n\n\n<li>DDR-Rockband Klaus Renft Combo wird verboten &#8211; 22.9.2009<\/li>\n\n\n\n<li>William Webb Ellis erfindet angeblich das Rugby-Spiel &#8211; 24.11.2009<\/li>\n\n\n\n<li>Georg Christoph Lichtenberg geboren &#8211; 1.7.2009<\/li>\n\n\n\n<li>Gesetz \u00fcber die Verbreitung jugendgef\u00e4hrdender Schriften &#8211; 9.6.2009<\/li>\n\n\n\n<li>John Wayne wird geboren &#8211; 26.5.2009<\/li>\n\n\n\n<li>Die Meuterei auf der Bounty &#8211; 28.4.2009<\/li>\n\n\n\n<li>Hitler ordnet die Wiedereinf\u00fchrung der allgemeinen Wehrpflicht an &#8211; 16.3.2009<\/li>\n\n\n\n<li>Das Mount Rushmore Memorial. Pr\u00e4sidentenk\u00f6pfe im Fels &#8211; 3.3.2009<\/li>\n\n\n\n<li>63 Milliarden Lire f\u00fcr Peschici &#8211; 31.10.2008<\/li>\n\n\n\n<li>Ren\u00e9 Goscinny gestorben &#8211; 15.12.2008<\/li>\n\n\n\n<li>Welt-Vegetarier-Tag &#8211; 1.10.2008<\/li>\n\n\n\n<li>Erste Eisenbahnlinie mit festem Fahrplan &#8211; 15.9.2008<\/li>\n\n\n\n<li>Oskar Maria Graf geboren &#8211; 22.7.2008<\/li>\n\n\n\n<li>Die ersten Bayreuther Festspiele unter dem NS-Regime &#8211; 21.7.2008<\/li>\n\n\n\n<li>Bonifatius heilig gesprochen &#8211; 11.6.2008<\/li>\n\n\n\n<li>Erstbesteigung Watzmann-Ostwand &#8211; 6.6.2008<\/li>\n\n\n\n<li>Die Knei\u00dfl-Br\u00fcder stehen das erste Mal vor Gericht &#8211; 2.6.2008<\/li>\n\n\n\n<li>\u00c4lteste Japanerin geboren &#8211; 21.05.2008<\/li>\n\n\n\n<li>Erster James Bond Film &#8211; 5.10.2007<\/li>\n\n\n\n<li>Jennerwein wird gefunden &#8211; 15.11.2007<\/li>\n<\/ul>\n","protected":false},"excerpt":{"rendered":"<p>Die Kalenderbl\u00e4tter des Bayerischen Rundfunks sind von Montag bis Freitag jeweils um 9.50 h auf Bayern 2 zu h\u00f6ren.<\/p>\n","protected":false},"author":2,"featured_media":0,"parent":12,"menu_order":0,"comment_status":"closed","ping_status":"closed","template":"","meta":{"footnotes":""},"class_list":["post-101","page","type-page","status-publish","hentry"],"_links":{"self":[{"href":"https:\/\/thomasgrasberger.de\/index.php?rest_route=\/wp\/v2\/pages\/101","targetHints":{"allow":["GET"]}}],"collection":[{"href":"https:\/\/thomasgrasberger.de\/index.php?rest_route=\/wp\/v2\/pages"}],"about":[{"href":"https:\/\/thomasgrasberger.de\/index.php?rest_route=\/wp\/v2\/types\/page"}],"author":[{"embeddable":true,"href":"https:\/\/thomasgrasberger.de\/index.php?rest_route=\/wp\/v2\/users\/2"}],"replies":[{"embeddable":true,"href":"https:\/\/thomasgrasberger.de\/index.php?rest_route=%2Fwp%2Fv2%2Fcomments&post=101"}],"version-history":[{"count":19,"href":"https:\/\/thomasgrasberger.de\/index.php?rest_route=\/wp\/v2\/pages\/101\/revisions"}],"predecessor-version":[{"id":540,"href":"https:\/\/thomasgrasberger.de\/index.php?rest_route=\/wp\/v2\/pages\/101\/revisions\/540"}],"up":[{"embeddable":true,"href":"https:\/\/thomasgrasberger.de\/index.php?rest_route=\/wp\/v2\/pages\/12"}],"wp:attachment":[{"href":"https:\/\/thomasgrasberger.de\/index.php?rest_route=%2Fwp%2Fv2%2Fmedia&parent=101"}],"curies":[{"name":"wp","href":"https:\/\/api.w.org\/{rel}","templated":true}]}}